{"id":13,"date":"2021-10-12T07:56:58","date_gmt":"2021-10-12T07:56:58","guid":{"rendered":"http:\/\/flamiesztrich.hu\/?page_id=13"},"modified":"2022-12-09T09:20:00","modified_gmt":"2022-12-09T09:20:00","slug":"kapcsolat","status":"publish","type":"page","link":"http:\/\/flamiesztrich.hu\/hu\/kapcsolat\/","title":{"rendered":"Kapcsolat"},"content":{"rendered":"<h3>Kapcsolat<\/h3>\n<p>\t\t\t<iframe frameborder=\"0\" scrolling=\"no\" marginheight=\"0\" marginwidth=\"0\"\n\t\t\t\t\tsrc=\"https:\/\/maps.google.com\/maps?q=Gy%C5%91r&#038;t=m&#038;z=9&#038;output=embed&#038;iwloc=near\"\n\t\t\t\t\ttitle=\"Gy\u0151r\"\n\t\t\t\t\taria-label=\"Gy\u0151r\"\n\t\t\t><\/iframe><\/p>\n<h4>Munk\u00e1inkat els\u0151sorban Gy\u0151r-Moson-Sopron megy\u00e9ben v\u00e9gezz\u00fck.<\/h4>\n<h4>\n\t\t\t\t\t\tH\u00edvjon minket!<br \/>\n\t\t\t\t<\/h4>\n<p>+36 20 504 8292<\/p>\n<p>\t\t\t\t\t\t\t\t\t\t\t\t\t\t\t<img decoding=\"async\" src=\"http:\/\/flamiesztrich.hu\/wp-content\/uploads\/elementor\/thumbs\/ricsak_robert_flami_esztrich-pf8r02ci9wwmfxdlnrql7m1nfrf5kq9wfi4lbvrxac.jpg\" title=\"ricsak_robert_flami_esztrich\" alt=\"ricsak_robert_flami_esztrich\" \/><br \/>\n\t\t\t\t<a href=\"mailto:flamiesztrichbau@freemail.hu\"><br \/>\n\t\t\t\t\t\t\t\t<\/a><\/p>\n<h4>\n\t\t\t\t\t<a href=\"mailto:flamiesztrichbau@freemail.hu\" ><br \/>\n\t\t\t\t\t\t\u00cdrjon nek\u00fcnk!\t\t\t\t\t<\/a><br \/>\n\t\t\t\t<\/h4>\n<p><a href=\"mailto:flamiesztrichbau@tutanota.com\">flamiesztrichbau@tutanota.com<\/a><\/p>\n<p><!-- Created with Elementor --><\/p>\n","protected":false},"excerpt":{"rendered":"<p>Kapcsolat Munk\u00e1inkat els\u0151sorban Gy\u0151r-Moson-Sopron megy\u00e9ben v\u00e9gezz\u00fck. H\u00edvjon minket! +36 20 504 8292 \u00cdrjon nek\u00fcnk! flamiesztrichbau@tutanota.com<\/p>\n","protected":false},"author":1,"featured_media":0,"parent":0,"menu_order":0,"comment_status":"closed","ping_status":"closed","template":"page-templates\/template-pagebuilder-full-width.php","meta":{"footnotes":""},"class_list":["post-13","page","type-page","status-publish","hentry"],"yoast_head":"<!-- This site is optimized with the Yoast SEO plugin v19.8 - https:\/\/yoast.com\/wordpress\/plugins\/seo\/ -->\n<title>Kapcsolat - Flami Esztrich Bau Kft.<\/title>\n<meta name=\"robots\" content=\"index, follow, max-snippet:-1, max-image-preview:large, max-video-preview:-1\" \/>\n<link rel=\"canonical\" href=\"http:\/\/flamiesztrich.hu\/hu\/kapcsolat\/\" \/>\n<meta property=\"og:locale\" content=\"hu_HU\" \/>\n<meta property=\"og:type\" content=\"article\" \/>\n<meta property=\"og:title\" content=\"Kapcsolat\" \/>\n<meta property=\"og:description\" content=\"Kapcsolat Munk\u00e1inkat els\u0151sorban Gy\u0151r-Moson-Sopron megy\u00e9ben v\u00e9gezz\u00fck. H\u00edvjon minket! +36 20 504 8292 \u00cdrjon nek\u00fcnk! flamiesztrichbau@tutanota.com\" \/>\n<meta property=\"og:url\" content=\"http:\/\/flamiesztrich.hu\/hu\/kapcsolat\/\" \/>\n<meta property=\"og:site_name\" content=\"Flami Esztrich Bau Kft.\" \/>\n<meta property=\"article:modified_time\" content=\"2022-12-09T09:20:00+00:00\" \/>\n<meta property=\"og:image\" content=\"http:\/\/flamiesztrich.hu\/wp-content\/uploads\/elementor\/thumbs\/ricsak_robert_flami_esztrich-pf8r02ci9wwmfxdlnrql7m1nfrf5kq9wfi4lbvrxac.jpg\" \/>\n<meta name=\"twitter:card\" content=\"summary_large_image\" \/>\n<meta name=\"twitter:label1\" content=\"Becs\u00fclt olvas\u00e1si id\u0151\" \/>\n\t<meta name=\"twitter:data1\" content=\"1 perc\" \/>\n<script type=\"application\/ld+json\" class=\"yoast-schema-graph\">{\"@context\":\"https:\/\/schema.org\",\"@graph\":[{\"@type\":\"WebPage\",\"@id\":\"http:\/\/flamiesztrich.hu\/hu\/kapcsolat\/\",\"url\":\"http:\/\/flamiesztrich.hu\/hu\/kapcsolat\/\",\"name\":\"[:de]Kontakt[:hu]Kapcsolat[:] - Flami Esztrich Bau Kft.\",\"isPartOf\":{\"@id\":\"http:\/\/flamiesztrich.hu\/hu\/#website\"},\"datePublished\":\"2021-10-12T07:56:58+00:00\",\"dateModified\":\"2022-12-09T09:20:00+00:00\",\"breadcrumb\":{\"@id\":\"http:\/\/flamiesztrich.hu\/hu\/kapcsolat\/#breadcrumb\"},\"inLanguage\":\"hu-HU\",\"potentialAction\":[{\"@type\":\"ReadAction\",\"target\":[\"http:\/\/flamiesztrich.hu\/hu\/kapcsolat\/\"]}]},{\"@type\":\"BreadcrumbList\",\"@id\":\"http:\/\/flamiesztrich.hu\/hu\/kapcsolat\/#breadcrumb\",\"itemListElement\":[{\"@type\":\"ListItem\",\"position\":1,\"name\":\"Kezd\u0151lap\",\"item\":\"http:\/\/flamiesztrich.hu\/hu\/\"},{\"@type\":\"ListItem\",\"position\":2,\"name\":\"Kapcsolat\"}]},{\"@type\":\"WebSite\",\"@id\":\"http:\/\/flamiesztrich.hu\/hu\/#website\",\"url\":\"http:\/\/flamiesztrich.hu\/hu\/\",\"name\":\"Flami Esztrich Bau Kft.\",\"description\":\"Esztrich betonoz\u00e1s, terasz betonoz\u00e1s, estrich beton, gyors beton\",\"publisher\":{\"@id\":\"http:\/\/flamiesztrich.hu\/hu\/#organization\"},\"potentialAction\":[{\"@type\":\"SearchAction\",\"target\":{\"@type\":\"EntryPoint\",\"urlTemplate\":\"http:\/\/flamiesztrich.hu\/hu\/?s={search_term_string}\"},\"query-input\":\"required name=search_term_string\"}],\"inLanguage\":\"hu-HU\"},{\"@type\":\"Organization\",\"@id\":\"http:\/\/flamiesztrich.hu\/hu\/#organization\",\"name\":\"FLAMI ESZTRICH BAU Kft\",\"url\":\"http:\/\/flamiesztrich.hu\/hu\/\",\"sameAs\":[],\"logo\":{\"@type\":\"ImageObject\",\"inLanguage\":\"hu-HU\",\"@id\":\"http:\/\/flamiesztrich.hu\/hu\/#\/schema\/logo\/image\/\",\"url\":\"http:\/\/flamiesztrich.hu\/wp-content\/uploads\/2022\/07\/flami_esztrich_vizszint.jpg\",\"contentUrl\":\"http:\/\/flamiesztrich.hu\/wp-content\/uploads\/2022\/07\/flami_esztrich_vizszint.jpg\",\"width\":350,\"height\":320,\"caption\":\"FLAMI ESZTRICH BAU Kft\"},\"image\":{\"@id\":\"http:\/\/flamiesztrich.hu\/hu\/#\/schema\/logo\/image\/\"}}]}<\/script>\n<!-- \/ Yoast SEO plugin. -->","yoast_head_json":{"title":"Kapcsolat - Flami Esztrich Bau Kft.","robots":{"index":"index","follow":"follow","max-snippet":"max-snippet:-1","max-image-preview":"max-image-preview:large","max-video-preview":"max-video-preview:-1"},"canonical":"http:\/\/flamiesztrich.hu\/hu\/kapcsolat\/","og_locale":"hu_HU","og_type":"article","og_title":"[:de]Kontakt[:hu]Kapcsolat[:] - Flami Esztrich Bau Kft.","og_description":"Kapcsolat Munk\u00e1inkat els\u0151sorban Gy\u0151r-Moson-Sopron megy\u00e9ben v\u00e9gezz\u00fck. H\u00edvjon minket! +36 20 504 8292 \u00cdrjon nek\u00fcnk! flamiesztrichbau@tutanota.com","og_url":"http:\/\/flamiesztrich.hu\/hu\/kapcsolat\/","og_site_name":"Flami Esztrich Bau Kft.","article_modified_time":"2022-12-09T09:20:00+00:00","og_image":[{"url":"http:\/\/flamiesztrich.hu\/wp-content\/uploads\/elementor\/thumbs\/ricsak_robert_flami_esztrich-pf8r02ci9wwmfxdlnrql7m1nfrf5kq9wfi4lbvrxac.jpg"}],"twitter_card":"summary_large_image","twitter_misc":{"Becs\u00fclt olvas\u00e1si id\u0151":"1 perc"},"schema":{"@context":"https:\/\/schema.org","@graph":[{"@type":"WebPage","@id":"http:\/\/flamiesztrich.hu\/hu\/kapcsolat\/","url":"http:\/\/flamiesztrich.hu\/hu\/kapcsolat\/","name":"[:de]Kontakt[:hu]Kapcsolat[:] - Flami Esztrich Bau Kft.","isPartOf":{"@id":"http:\/\/flamiesztrich.hu\/hu\/#website"},"datePublished":"2021-10-12T07:56:58+00:00","dateModified":"2022-12-09T09:20:00+00:00","breadcrumb":{"@id":"http:\/\/flamiesztrich.hu\/hu\/kapcsolat\/#breadcrumb"},"inLanguage":"hu-HU","potentialAction":[{"@type":"ReadAction","target":["http:\/\/flamiesztrich.hu\/hu\/kapcsolat\/"]}]},{"@type":"BreadcrumbList","@id":"http:\/\/flamiesztrich.hu\/hu\/kapcsolat\/#breadcrumb","itemListElement":[{"@type":"ListItem","position":1,"name":"Kezd\u0151lap","item":"http:\/\/flamiesztrich.hu\/hu\/"},{"@type":"ListItem","position":2,"name":"Kapcsolat"}]},{"@type":"WebSite","@id":"http:\/\/flamiesztrich.hu\/hu\/#website","url":"http:\/\/flamiesztrich.hu\/hu\/","name":"Flami Esztrich Bau Kft.","description":"Esztrich betonoz\u00e1s, terasz betonoz\u00e1s, estrich beton, gyors beton","publisher":{"@id":"http:\/\/flamiesztrich.hu\/hu\/#organization"},"potentialAction":[{"@type":"SearchAction","target":{"@type":"EntryPoint","urlTemplate":"http:\/\/flamiesztrich.hu\/hu\/?s={search_term_string}"},"query-input":"required name=search_term_string"}],"inLanguage":"hu-HU"},{"@type":"Organization","@id":"http:\/\/flamiesztrich.hu\/hu\/#organization","name":"FLAMI ESZTRICH BAU Kft","url":"http:\/\/flamiesztrich.hu\/hu\/","sameAs":[],"logo":{"@type":"ImageObject","inLanguage":"hu-HU","@id":"http:\/\/flamiesztrich.hu\/hu\/#\/schema\/logo\/image\/","url":"http:\/\/flamiesztrich.hu\/wp-content\/uploads\/2022\/07\/flami_esztrich_vizszint.jpg","contentUrl":"http:\/\/flamiesztrich.hu\/wp-content\/uploads\/2022\/07\/flami_esztrich_vizszint.jpg","width":350,"height":320,"caption":"FLAMI ESZTRICH BAU Kft"},"image":{"@id":"http:\/\/flamiesztrich.hu\/hu\/#\/schema\/logo\/image\/"}}]}},"_links":{"self":[{"href":"http:\/\/flamiesztrich.hu\/hu\/wp-json\/wp\/v2\/pages\/13","targetHints":{"allow":["GET"]}}],"collection":[{"href":"http:\/\/flamiesztrich.hu\/hu\/wp-json\/wp\/v2\/pages"}],"about":[{"href":"http:\/\/flamiesztrich.hu\/hu\/wp-json\/wp\/v2\/types\/page"}],"author":[{"embeddable":true,"href":"http:\/\/flamiesztrich.hu\/hu\/wp-json\/wp\/v2\/users\/1"}],"replies":[{"embeddable":true,"href":"http:\/\/flamiesztrich.hu\/hu\/wp-json\/wp\/v2\/comments?post=13"}],"version-history":[{"count":46,"href":"http:\/\/flamiesztrich.hu\/hu\/wp-json\/wp\/v2\/pages\/13\/revisions"}],"predecessor-version":[{"id":514,"href":"http:\/\/flamiesztrich.hu\/hu\/wp-json\/wp\/v2\/pages\/13\/revisions\/514"}],"wp:attachment":[{"href":"http:\/\/flamiesztrich.hu\/hu\/wp-json\/wp\/v2\/media?parent=13"}],"curies":[{"name":"wp","href":"https:\/\/api.w.org\/{rel}","templated":true}]}}