{"id":239,"date":"2021-10-28T19:44:46","date_gmt":"2021-10-28T19:44:46","guid":{"rendered":"http:\/\/flamiesztrich.hu\/?page_id=239"},"modified":"2022-12-06T10:56:23","modified_gmt":"2022-12-06T10:56:23","slug":"impresszum","status":"publish","type":"page","link":"https:\/\/flamiesztrich.hu\/de\/impresszum\/","title":{"rendered":"Impresszum"},"content":{"rendered":"<p><strong>FLAMI ESZTRICH BAU Kft.<\/strong><\/p>\n<p><span jsaction=\"agoMJf:PFBcW;MZfLnc:P7O7bd;nt4Alf:pvnm0e,pfE8Hb,PFBcW;B01qod:dJXsye;H1e5u:iXtTIf;lYIUJf:hij5Wb;bmeZHc:iURhpf;Oxj3Xe:qAKMYb,yaf12d\" jsname=\"txFAF\" class=\"jCAhz ChMk0b\" jscontroller=\"Gn4SMb\"><span class=\"ryNqvb\" jsaction=\"click:E6Tfl,GFf3ac,tMZCfe; contextmenu:Nqw7Te,QP7LD; mouseout:Nqw7Te; mouseover:E6Tfl,c2aHje\" jsname=\"W297wb\">Steuernummer: 29187926-1-05<\/span><\/span><span jsaction=\"agoMJf:PFBcW;MZfLnc:P7O7bd;nt4Alf:pvnm0e,pfE8Hb,PFBcW;B01qod:dJXsye;H1e5u:iXtTIf;lYIUJf:hij5Wb;bmeZHc:iURhpf;Oxj3Xe:qAKMYb,yaf12d\" jsname=\"txFAF\" class=\"jCAhz\" jscontroller=\"Gn4SMb\"><span class=\"ryNqvb\" jsaction=\"click:E6Tfl,GFf3ac,tMZCfe; contextmenu:Nqw7Te,QP7LD; mouseout:Nqw7Te; mouseover:E6Tfl,c2aHje\" jsname=\"W297wb\"> <\/span><\/span><\/p>\n<p><span jsaction=\"agoMJf:PFBcW;MZfLnc:P7O7bd;nt4Alf:pvnm0e,pfE8Hb,PFBcW;B01qod:dJXsye;H1e5u:iXtTIf;lYIUJf:hij5Wb;bmeZHc:iURhpf;Oxj3Xe:qAKMYb,yaf12d\" jsname=\"txFAF\" class=\"jCAhz ChMk0b\" jscontroller=\"Gn4SMb\"><span class=\"ryNqvb\" jsaction=\"click:E6Tfl,GFf3ac,tMZCfe; contextmenu:Nqw7Te,QP7LD; mouseout:Nqw7Te; mouseover:E6Tfl,c2aHje\" jsname=\"W297wb\">Firmenregistrierungsnummer: 05-09-034048<\/span><\/span><span jsaction=\"agoMJf:PFBcW;MZfLnc:P7O7bd;nt4Alf:pvnm0e,pfE8Hb,PFBcW;B01qod:dJXsye;H1e5u:iXtTIf;lYIUJf:hij5Wb;bmeZHc:iURhpf;Oxj3Xe:qAKMYb,yaf12d\" jsname=\"txFAF\" class=\"jCAhz\" jscontroller=\"Gn4SMb\"><span class=\"ryNqvb\" jsaction=\"click:E6Tfl,GFf3ac,tMZCfe; contextmenu:Nqw7Te,QP7LD; mouseout:Nqw7Te; mouseover:E6Tfl,c2aHje\" jsname=\"W297wb\"> <\/span><\/span><\/p>\n<p><span jsaction=\"agoMJf:PFBcW;MZfLnc:P7O7bd;nt4Alf:pvnm0e,pfE8Hb,PFBcW;B01qod:dJXsye;H1e5u:iXtTIf;lYIUJf:hij5Wb;bmeZHc:iURhpf;Oxj3Xe:qAKMYb,yaf12d\" jsname=\"txFAF\" class=\"jCAhz ChMk0b\" jscontroller=\"Gn4SMb\"><span class=\"ryNqvb\" jsaction=\"click:E6Tfl,GFf3ac,tMZCfe; contextmenu:Nqw7Te,QP7LD; mouseout:Nqw7Te; mouseover:E6Tfl,c2aHje\" jsname=\"W297wb\">Hauptquartier<\/span><\/span>: 3895 G\u00f6nc, Arany J\u00e1nos utca 24.<\/p>\n<p><img decoding=\"async\" src=\"http:\/\/flamiesztrich.hu\/wp-content\/uploads\/elementor\/thumbs\/flami_esztrich_ar-pf8rbzwwijs1m5f5igmwcclx7140zf4sa5exaopje8.jpg\" title=\"flami_esztrich_ar\" alt=\"flami_esztrich_ar\" \/><\/p>\n","protected":false},"excerpt":{"rendered":"<p>FLAMI ESZTRICH BAU Kft. Steuernummer: 29187926-1-05 Firmenregistrierungsnummer: 05-09-034048 Hauptquartier: 3895 G\u00f6nc, Arany J\u00e1nos utca 24.<\/p>\n","protected":false},"author":1,"featured_media":0,"parent":0,"menu_order":0,"comment_status":"closed","ping_status":"closed","template":"","meta":{"footnotes":""},"class_list":["post-239","page","type-page","status-publish","hentry"],"yoast_head":"<!-- This site is optimized with the Yoast SEO plugin v19.8 - https:\/\/yoast.com\/wordpress\/plugins\/seo\/ -->\n<title>Impresszum - Flami Esztrich Bau Kft.<\/title>\n<meta name=\"description\" content=\"Gy\u0151r esztrichez\u00e9s,beton k\u00e9sz\u00edt\u00e9s,aljzatbeton,munka aljzatol\u00e1s,profi beton k\u00e9sz\u00edt\u00e9s,min\u0151s\u00e9gi esztrich,sz\u00e9p beton,terasz betonoz\u00e1s,olcs\u00f3 beton\" \/>\n<meta name=\"robots\" content=\"index, follow, max-snippet:-1, max-image-preview:large, max-video-preview:-1\" \/>\n<link rel=\"canonical\" href=\"https:\/\/flamiesztrich.hu\/hu\/impresszum\/\" \/>\n<meta property=\"og:locale\" content=\"de_DE\" \/>\n<meta property=\"og:type\" content=\"article\" \/>\n<meta property=\"og:title\" content=\"Impresszum\" \/>\n<meta property=\"og:description\" content=\"Gy\u0151r esztrichez\u00e9s,beton k\u00e9sz\u00edt\u00e9s,aljzatbeton,munka aljzatol\u00e1s,profi beton k\u00e9sz\u00edt\u00e9s,min\u0151s\u00e9gi esztrich,sz\u00e9p beton,terasz betonoz\u00e1s,olcs\u00f3 beton\" \/>\n<meta property=\"og:url\" content=\"https:\/\/flamiesztrich.hu\/hu\/impresszum\/\" \/>\n<meta property=\"og:site_name\" content=\"Flami Esztrich Bau Kft.\" \/>\n<meta property=\"article:modified_time\" content=\"2022-12-06T10:56:23+00:00\" \/>\n<meta property=\"og:image\" content=\"http:\/\/flamiesztrich.hu\/wp-content\/uploads\/elementor\/thumbs\/flami_esztrich_ar-pf8rbzwwijs1m5f5igmwcclx7140zf4sa5exaopje8.jpg\" \/>\n<meta name=\"twitter:card\" content=\"summary_large_image\" \/>\n<meta name=\"twitter:label1\" content=\"Gesch\u00e4tzte Lesezeit\" \/>\n\t<meta name=\"twitter:data1\" content=\"1 Minute\" \/>\n<script type=\"application\/ld+json\" class=\"yoast-schema-graph\">{\"@context\":\"https:\/\/schema.org\",\"@graph\":[{\"@type\":\"WebPage\",\"@id\":\"https:\/\/flamiesztrich.hu\/hu\/impresszum\/\",\"url\":\"https:\/\/flamiesztrich.hu\/hu\/impresszum\/\",\"name\":\"[:de]Impresszum[:hu]Impresszum[:] - Flami Esztrich Bau Kft.\",\"isPartOf\":{\"@id\":\"http:\/\/flamiesztrich.hu\/hu\/#website\"},\"datePublished\":\"2021-10-28T19:44:46+00:00\",\"dateModified\":\"2022-12-06T10:56:23+00:00\",\"description\":\"Gy\u0151r esztrichez\u00e9s,beton k\u00e9sz\u00edt\u00e9s,aljzatbeton,munka aljzatol\u00e1s,profi beton k\u00e9sz\u00edt\u00e9s,min\u0151s\u00e9gi esztrich,sz\u00e9p beton,terasz betonoz\u00e1s,olcs\u00f3 beton\",\"breadcrumb\":{\"@id\":\"https:\/\/flamiesztrich.hu\/hu\/impresszum\/#breadcrumb\"},\"inLanguage\":\"DE\",\"potentialAction\":[{\"@type\":\"ReadAction\",\"target\":[\"https:\/\/flamiesztrich.hu\/hu\/impresszum\/\"]}]},{\"@type\":\"BreadcrumbList\",\"@id\":\"https:\/\/flamiesztrich.hu\/hu\/impresszum\/#breadcrumb\",\"itemListElement\":[{\"@type\":\"ListItem\",\"position\":1,\"name\":\"Kezd\u0151lap\",\"item\":\"http:\/\/flamiesztrich.hu\/hu\/\"},{\"@type\":\"ListItem\",\"position\":2,\"name\":\"Impresszum\"}]},{\"@type\":\"WebSite\",\"@id\":\"http:\/\/flamiesztrich.hu\/hu\/#website\",\"url\":\"http:\/\/flamiesztrich.hu\/hu\/\",\"name\":\"Flami Esztrich Bau Kft.\",\"description\":\"Esztrich betonoz\u00e1s, terasz betonoz\u00e1s, estrich beton, gyors beton\",\"publisher\":{\"@id\":\"http:\/\/flamiesztrich.hu\/hu\/#organization\"},\"potentialAction\":[{\"@type\":\"SearchAction\",\"target\":{\"@type\":\"EntryPoint\",\"urlTemplate\":\"http:\/\/flamiesztrich.hu\/hu\/?s={search_term_string}\"},\"query-input\":\"required name=search_term_string\"}],\"inLanguage\":\"DE\"},{\"@type\":\"Organization\",\"@id\":\"http:\/\/flamiesztrich.hu\/hu\/#organization\",\"name\":\"FLAMI ESZTRICH BAU Kft\",\"url\":\"http:\/\/flamiesztrich.hu\/hu\/\",\"sameAs\":[],\"logo\":{\"@type\":\"ImageObject\",\"inLanguage\":\"DE\",\"@id\":\"http:\/\/flamiesztrich.hu\/hu\/#\/schema\/logo\/image\/\",\"url\":\"http:\/\/flamiesztrich.hu\/wp-content\/uploads\/2022\/07\/flami_esztrich_vizszint.jpg\",\"contentUrl\":\"http:\/\/flamiesztrich.hu\/wp-content\/uploads\/2022\/07\/flami_esztrich_vizszint.jpg\",\"width\":350,\"height\":320,\"caption\":\"FLAMI ESZTRICH BAU Kft\"},\"image\":{\"@id\":\"http:\/\/flamiesztrich.hu\/hu\/#\/schema\/logo\/image\/\"}}]}<\/script>\n<!-- \/ Yoast SEO plugin. -->","yoast_head_json":{"title":"Impresszum - Flami Esztrich Bau Kft.","description":"Gy\u0151r esztrichez\u00e9s,beton k\u00e9sz\u00edt\u00e9s,aljzatbeton,munka aljzatol\u00e1s,profi beton k\u00e9sz\u00edt\u00e9s,min\u0151s\u00e9gi esztrich,sz\u00e9p beton,terasz betonoz\u00e1s,olcs\u00f3 beton","robots":{"index":"index","follow":"follow","max-snippet":"max-snippet:-1","max-image-preview":"max-image-preview:large","max-video-preview":"max-video-preview:-1"},"canonical":"https:\/\/flamiesztrich.hu\/hu\/impresszum\/","og_locale":"de_DE","og_type":"article","og_title":"[:de]Impresszum[:hu]Impresszum[:] - Flami Esztrich Bau Kft.","og_description":"Gy\u0151r esztrichez\u00e9s,beton k\u00e9sz\u00edt\u00e9s,aljzatbeton,munka aljzatol\u00e1s,profi beton k\u00e9sz\u00edt\u00e9s,min\u0151s\u00e9gi esztrich,sz\u00e9p beton,terasz betonoz\u00e1s,olcs\u00f3 beton","og_url":"https:\/\/flamiesztrich.hu\/hu\/impresszum\/","og_site_name":"Flami Esztrich Bau Kft.","article_modified_time":"2022-12-06T10:56:23+00:00","og_image":[{"url":"http:\/\/flamiesztrich.hu\/wp-content\/uploads\/elementor\/thumbs\/flami_esztrich_ar-pf8rbzwwijs1m5f5igmwcclx7140zf4sa5exaopje8.jpg"}],"twitter_card":"summary_large_image","twitter_misc":{"Gesch\u00e4tzte Lesezeit":"1 Minute"},"schema":{"@context":"https:\/\/schema.org","@graph":[{"@type":"WebPage","@id":"https:\/\/flamiesztrich.hu\/hu\/impresszum\/","url":"https:\/\/flamiesztrich.hu\/hu\/impresszum\/","name":"[:de]Impresszum[:hu]Impresszum[:] - Flami Esztrich Bau Kft.","isPartOf":{"@id":"http:\/\/flamiesztrich.hu\/hu\/#website"},"datePublished":"2021-10-28T19:44:46+00:00","dateModified":"2022-12-06T10:56:23+00:00","description":"Gy\u0151r esztrichez\u00e9s,beton k\u00e9sz\u00edt\u00e9s,aljzatbeton,munka aljzatol\u00e1s,profi beton k\u00e9sz\u00edt\u00e9s,min\u0151s\u00e9gi esztrich,sz\u00e9p beton,terasz betonoz\u00e1s,olcs\u00f3 beton","breadcrumb":{"@id":"https:\/\/flamiesztrich.hu\/hu\/impresszum\/#breadcrumb"},"inLanguage":"DE","potentialAction":[{"@type":"ReadAction","target":["https:\/\/flamiesztrich.hu\/hu\/impresszum\/"]}]},{"@type":"BreadcrumbList","@id":"https:\/\/flamiesztrich.hu\/hu\/impresszum\/#breadcrumb","itemListElement":[{"@type":"ListItem","position":1,"name":"Kezd\u0151lap","item":"http:\/\/flamiesztrich.hu\/hu\/"},{"@type":"ListItem","position":2,"name":"Impresszum"}]},{"@type":"WebSite","@id":"http:\/\/flamiesztrich.hu\/hu\/#website","url":"http:\/\/flamiesztrich.hu\/hu\/","name":"Flami Esztrich Bau Kft.","description":"Esztrich betonoz\u00e1s, terasz betonoz\u00e1s, estrich beton, gyors beton","publisher":{"@id":"http:\/\/flamiesztrich.hu\/hu\/#organization"},"potentialAction":[{"@type":"SearchAction","target":{"@type":"EntryPoint","urlTemplate":"http:\/\/flamiesztrich.hu\/hu\/?s={search_term_string}"},"query-input":"required name=search_term_string"}],"inLanguage":"DE"},{"@type":"Organization","@id":"http:\/\/flamiesztrich.hu\/hu\/#organization","name":"FLAMI ESZTRICH BAU Kft","url":"http:\/\/flamiesztrich.hu\/hu\/","sameAs":[],"logo":{"@type":"ImageObject","inLanguage":"DE","@id":"http:\/\/flamiesztrich.hu\/hu\/#\/schema\/logo\/image\/","url":"http:\/\/flamiesztrich.hu\/wp-content\/uploads\/2022\/07\/flami_esztrich_vizszint.jpg","contentUrl":"http:\/\/flamiesztrich.hu\/wp-content\/uploads\/2022\/07\/flami_esztrich_vizszint.jpg","width":350,"height":320,"caption":"FLAMI ESZTRICH BAU Kft"},"image":{"@id":"http:\/\/flamiesztrich.hu\/hu\/#\/schema\/logo\/image\/"}}]}},"_links":{"self":[{"href":"https:\/\/flamiesztrich.hu\/de\/wp-json\/wp\/v2\/pages\/239","targetHints":{"allow":["GET"]}}],"collection":[{"href":"https:\/\/flamiesztrich.hu\/de\/wp-json\/wp\/v2\/pages"}],"about":[{"href":"https:\/\/flamiesztrich.hu\/de\/wp-json\/wp\/v2\/types\/page"}],"author":[{"embeddable":true,"href":"https:\/\/flamiesztrich.hu\/de\/wp-json\/wp\/v2\/users\/1"}],"replies":[{"embeddable":true,"href":"https:\/\/flamiesztrich.hu\/de\/wp-json\/wp\/v2\/comments?post=239"}],"version-history":[{"count":10,"href":"https:\/\/flamiesztrich.hu\/de\/wp-json\/wp\/v2\/pages\/239\/revisions"}],"predecessor-version":[{"id":497,"href":"https:\/\/flamiesztrich.hu\/de\/wp-json\/wp\/v2\/pages\/239\/revisions\/497"}],"wp:attachment":[{"href":"https:\/\/flamiesztrich.hu\/de\/wp-json\/wp\/v2\/media?parent=239"}],"curies":[{"name":"wp","href":"https:\/\/api.w.org\/{rel}","templated":true}]}}