{"id":48,"date":"2021-10-12T08:00:42","date_gmt":"2021-10-12T08:00:42","guid":{"rendered":"http:\/\/flamiesztrich.hu\/?page_id=48"},"modified":"2022-12-09T09:05:07","modified_gmt":"2022-12-09T09:05:07","slug":"bemutatkozas","status":"publish","type":"page","link":"https:\/\/flamiesztrich.hu\/de\/bemutatkozas\/","title":{"rendered":"Willkommen"},"content":{"rendered":"<p>Estrich ist f\u00fcr uns nicht nur Arbeit, sondern Liebe!<\/p>\n<p>Ich selbst bin seit 15 Jahren in der Baubranche t\u00e4tig, seit 8 Jahren mit dem Schwerpunkt Estrichbetonieren. Die Qualit\u00e4t unserer Arbeit spiegelt f\u00fcr unsere Kunden wider, dass wir stets versuchen, unser Bestes zu geben. Unter Ber\u00fccksichtigung des Standorts, des Wetters und mehrerer anderer Faktoren ist es unser Ziel, die kosteng\u00fcnstigsten und qualitativ hochwertigsten L\u00f6sungen zu finden.<\/p>\n<p>Wir bieten unsere Dienstleistungen an vielen unzug\u00e4nglichen Orten an, an denen andere Methoden nicht angewendet werden k\u00f6nnen, wie zum Beispiel:<\/p>\n<p style=\"text-align: center;\">\u25ba Innenh\u00f6fe,<br \/>\n\u25ba enge Stellen, die Mischpumpen nicht erreichen k\u00f6nnen,<br \/>\n\u25ba Handarbeit w\u00fcrde die Kosten um ein Vielfaches erh\u00f6hen,<br \/>\n\u25ba Lieferung von Beton kann nicht vereinbart werden.<\/p>\n<p>Dar\u00fcber hinaus l\u00f6sen und \u00fcberbr\u00fccken wir alle Probleme vor Ort mit einer flexiblen Einstellung!<\/p>\n<p>Wir bieten eine kostenlose Bestandsaufnahme, Hilfestellung bei der Auswahl der richtigen Materialien und der Mengenermittlung. Wenn Sie fachliche Fragen haben oder Beratung ben\u00f6tigen, sind wir f\u00fcr Sie da!<\/p>\n<p>Unsere Aktivit\u00e4ten umfassen haupts\u00e4chlich im Burgenland und von der ungarischen Grenze bis Wien durch.<\/p>\n<p>Finden Sie uns mit Vertrauen!<\/p>\n<p>R\u00f3bert Rics\u00e1k \u2013 FLAMI ESZTRICH BAU Kft.<\/p>\n<p style=\"text-align: center;\">Neben dem Estrichbetonieren stehen wir unseren Kunden auch mit folgenden T\u00e4tigkeiten zur Verf\u00fcgung:<\/p>\n<p style=\"text-align: center;\">\u25ba Herstellung von Styroporbeton (Leichtbeton, W\u00e4rmed\u00e4mmbeton),<\/p>\n<p style=\"text-align: center;\">\u25ba Herstellen von Bodenplatten, Fundamenten,<\/p>\n<p style=\"text-align: center;\">\u25ba Herstellung von Industrieb\u00f6den,<\/p>\n<p style=\"text-align: center;\">\u25ba Bau von Betonstra\u00dfen,<\/p>\n<p style=\"text-align: center;\">\u25ba Herstellung von Kunstharzbel\u00e4gen.<\/p>\n<p>Unsere Arbeiten<\/p>\n","protected":false},"excerpt":{"rendered":"<p>Estrich ist f\u00fcr uns nicht nur Arbeit, sondern Liebe! Ich selbst bin seit 15 Jahren in der Baubranche t\u00e4tig, seit 8 Jahren mit dem Schwerpunkt Estrichbetonieren. Die Qualit\u00e4t unserer Arbeit spiegelt f\u00fcr unsere Kunden wider, dass wir stets versuchen, unser Bestes zu geben. Unter Ber\u00fccksichtigung des Standorts, des Wetters und [&hellip;]<\/p>\n","protected":false},"author":1,"featured_media":0,"parent":0,"menu_order":0,"comment_status":"closed","ping_status":"closed","template":"","meta":{"footnotes":""},"class_list":["post-48","page","type-page","status-publish","hentry"],"yoast_head":"<!-- This site is optimized with the Yoast SEO plugin v19.8 - https:\/\/yoast.com\/wordpress\/plugins\/seo\/ -->\n<title>Willkommen - Flami Esztrich Bau Kft.<\/title>\n<meta name=\"description\" content=\"Gy\u0151r esztrichez\u00e9s,beton k\u00e9sz\u00edt\u00e9s,aljzatbeton,munka aljzatol\u00e1s,profi beton k\u00e9sz\u00edt\u00e9s,min\u0151s\u00e9gi esztrich,sz\u00e9p beton,terasz betonoz\u00e1s,olcs\u00f3 beton\" \/>\n<meta name=\"robots\" content=\"index, follow, max-snippet:-1, max-image-preview:large, max-video-preview:-1\" \/>\n<link rel=\"canonical\" href=\"http:\/\/flamiesztrich.hu\/hu\/bemutatkozas\/\" \/>\n<meta property=\"og:locale\" content=\"de_DE\" \/>\n<meta property=\"og:type\" content=\"article\" \/>\n<meta property=\"og:title\" content=\"Willkommen\" \/>\n<meta property=\"og:description\" content=\"Gy\u0151r esztrichez\u00e9s,beton k\u00e9sz\u00edt\u00e9s,aljzatbeton,munka aljzatol\u00e1s,profi beton k\u00e9sz\u00edt\u00e9s,min\u0151s\u00e9gi esztrich,sz\u00e9p beton,terasz betonoz\u00e1s,olcs\u00f3 beton\" \/>\n<meta property=\"og:url\" content=\"http:\/\/flamiesztrich.hu\/hu\/bemutatkozas\/\" \/>\n<meta property=\"og:site_name\" content=\"Flami Esztrich Bau Kft.\" \/>\n<meta property=\"article:modified_time\" content=\"2022-12-09T09:05:07+00:00\" \/>\n<meta name=\"twitter:card\" content=\"summary_large_image\" \/>\n<meta name=\"twitter:label1\" content=\"Gesch\u00e4tzte Lesezeit\" \/>\n\t<meta name=\"twitter:data1\" content=\"2 Minuten\" \/>\n<script type=\"application\/ld+json\" class=\"yoast-schema-graph\">{\"@context\":\"https:\/\/schema.org\",\"@graph\":[{\"@type\":\"WebPage\",\"@id\":\"http:\/\/flamiesztrich.hu\/hu\/bemutatkozas\/\",\"url\":\"http:\/\/flamiesztrich.hu\/hu\/bemutatkozas\/\",\"name\":\"[:de]Willkommen[:hu]Bemutatkoz\u00e1s[:] - Flami Esztrich Bau Kft.\",\"isPartOf\":{\"@id\":\"http:\/\/flamiesztrich.hu\/hu\/#website\"},\"datePublished\":\"2021-10-12T08:00:42+00:00\",\"dateModified\":\"2022-12-09T09:05:07+00:00\",\"description\":\"Gy\u0151r esztrichez\u00e9s,beton k\u00e9sz\u00edt\u00e9s,aljzatbeton,munka aljzatol\u00e1s,profi beton k\u00e9sz\u00edt\u00e9s,min\u0151s\u00e9gi esztrich,sz\u00e9p beton,terasz betonoz\u00e1s,olcs\u00f3 beton\",\"breadcrumb\":{\"@id\":\"http:\/\/flamiesztrich.hu\/hu\/bemutatkozas\/#breadcrumb\"},\"inLanguage\":\"DE\",\"potentialAction\":[{\"@type\":\"ReadAction\",\"target\":[\"http:\/\/flamiesztrich.hu\/hu\/bemutatkozas\/\"]}]},{\"@type\":\"BreadcrumbList\",\"@id\":\"http:\/\/flamiesztrich.hu\/hu\/bemutatkozas\/#breadcrumb\",\"itemListElement\":[{\"@type\":\"ListItem\",\"position\":1,\"name\":\"Kezd\u0151lap\",\"item\":\"http:\/\/flamiesztrich.hu\/hu\/\"},{\"@type\":\"ListItem\",\"position\":2,\"name\":\"Bemutatkoz\u00e1s\"}]},{\"@type\":\"WebSite\",\"@id\":\"http:\/\/flamiesztrich.hu\/hu\/#website\",\"url\":\"http:\/\/flamiesztrich.hu\/hu\/\",\"name\":\"Flami Esztrich Bau Kft.\",\"description\":\"Esztrich betonoz\u00e1s, terasz betonoz\u00e1s, estrich beton, gyors beton\",\"publisher\":{\"@id\":\"http:\/\/flamiesztrich.hu\/hu\/#organization\"},\"potentialAction\":[{\"@type\":\"SearchAction\",\"target\":{\"@type\":\"EntryPoint\",\"urlTemplate\":\"http:\/\/flamiesztrich.hu\/hu\/?s={search_term_string}\"},\"query-input\":\"required name=search_term_string\"}],\"inLanguage\":\"DE\"},{\"@type\":\"Organization\",\"@id\":\"http:\/\/flamiesztrich.hu\/hu\/#organization\",\"name\":\"FLAMI ESZTRICH BAU Kft\",\"url\":\"http:\/\/flamiesztrich.hu\/hu\/\",\"sameAs\":[],\"logo\":{\"@type\":\"ImageObject\",\"inLanguage\":\"DE\",\"@id\":\"http:\/\/flamiesztrich.hu\/hu\/#\/schema\/logo\/image\/\",\"url\":\"http:\/\/flamiesztrich.hu\/wp-content\/uploads\/2022\/07\/flami_esztrich_vizszint.jpg\",\"contentUrl\":\"http:\/\/flamiesztrich.hu\/wp-content\/uploads\/2022\/07\/flami_esztrich_vizszint.jpg\",\"width\":350,\"height\":320,\"caption\":\"FLAMI ESZTRICH BAU Kft\"},\"image\":{\"@id\":\"http:\/\/flamiesztrich.hu\/hu\/#\/schema\/logo\/image\/\"}}]}<\/script>\n<!-- \/ Yoast SEO plugin. -->","yoast_head_json":{"title":"Willkommen - Flami Esztrich Bau Kft.","description":"Gy\u0151r esztrichez\u00e9s,beton k\u00e9sz\u00edt\u00e9s,aljzatbeton,munka aljzatol\u00e1s,profi beton k\u00e9sz\u00edt\u00e9s,min\u0151s\u00e9gi esztrich,sz\u00e9p beton,terasz betonoz\u00e1s,olcs\u00f3 beton","robots":{"index":"index","follow":"follow","max-snippet":"max-snippet:-1","max-image-preview":"max-image-preview:large","max-video-preview":"max-video-preview:-1"},"canonical":"http:\/\/flamiesztrich.hu\/hu\/bemutatkozas\/","og_locale":"de_DE","og_type":"article","og_title":"[:de]Willkommen[:hu]Bemutatkoz\u00e1s[:] - Flami Esztrich Bau Kft.","og_description":"Gy\u0151r esztrichez\u00e9s,beton k\u00e9sz\u00edt\u00e9s,aljzatbeton,munka aljzatol\u00e1s,profi beton k\u00e9sz\u00edt\u00e9s,min\u0151s\u00e9gi esztrich,sz\u00e9p beton,terasz betonoz\u00e1s,olcs\u00f3 beton","og_url":"http:\/\/flamiesztrich.hu\/hu\/bemutatkozas\/","og_site_name":"Flami Esztrich Bau Kft.","article_modified_time":"2022-12-09T09:05:07+00:00","twitter_card":"summary_large_image","twitter_misc":{"Gesch\u00e4tzte Lesezeit":"2 Minuten"},"schema":{"@context":"https:\/\/schema.org","@graph":[{"@type":"WebPage","@id":"http:\/\/flamiesztrich.hu\/hu\/bemutatkozas\/","url":"http:\/\/flamiesztrich.hu\/hu\/bemutatkozas\/","name":"[:de]Willkommen[:hu]Bemutatkoz\u00e1s[:] - Flami Esztrich Bau Kft.","isPartOf":{"@id":"http:\/\/flamiesztrich.hu\/hu\/#website"},"datePublished":"2021-10-12T08:00:42+00:00","dateModified":"2022-12-09T09:05:07+00:00","description":"Gy\u0151r esztrichez\u00e9s,beton k\u00e9sz\u00edt\u00e9s,aljzatbeton,munka aljzatol\u00e1s,profi beton k\u00e9sz\u00edt\u00e9s,min\u0151s\u00e9gi esztrich,sz\u00e9p beton,terasz betonoz\u00e1s,olcs\u00f3 beton","breadcrumb":{"@id":"http:\/\/flamiesztrich.hu\/hu\/bemutatkozas\/#breadcrumb"},"inLanguage":"DE","potentialAction":[{"@type":"ReadAction","target":["http:\/\/flamiesztrich.hu\/hu\/bemutatkozas\/"]}]},{"@type":"BreadcrumbList","@id":"http:\/\/flamiesztrich.hu\/hu\/bemutatkozas\/#breadcrumb","itemListElement":[{"@type":"ListItem","position":1,"name":"Kezd\u0151lap","item":"http:\/\/flamiesztrich.hu\/hu\/"},{"@type":"ListItem","position":2,"name":"Bemutatkoz\u00e1s"}]},{"@type":"WebSite","@id":"http:\/\/flamiesztrich.hu\/hu\/#website","url":"http:\/\/flamiesztrich.hu\/hu\/","name":"Flami Esztrich Bau Kft.","description":"Esztrich betonoz\u00e1s, terasz betonoz\u00e1s, estrich beton, gyors beton","publisher":{"@id":"http:\/\/flamiesztrich.hu\/hu\/#organization"},"potentialAction":[{"@type":"SearchAction","target":{"@type":"EntryPoint","urlTemplate":"http:\/\/flamiesztrich.hu\/hu\/?s={search_term_string}"},"query-input":"required name=search_term_string"}],"inLanguage":"DE"},{"@type":"Organization","@id":"http:\/\/flamiesztrich.hu\/hu\/#organization","name":"FLAMI ESZTRICH BAU Kft","url":"http:\/\/flamiesztrich.hu\/hu\/","sameAs":[],"logo":{"@type":"ImageObject","inLanguage":"DE","@id":"http:\/\/flamiesztrich.hu\/hu\/#\/schema\/logo\/image\/","url":"http:\/\/flamiesztrich.hu\/wp-content\/uploads\/2022\/07\/flami_esztrich_vizszint.jpg","contentUrl":"http:\/\/flamiesztrich.hu\/wp-content\/uploads\/2022\/07\/flami_esztrich_vizszint.jpg","width":350,"height":320,"caption":"FLAMI ESZTRICH BAU Kft"},"image":{"@id":"http:\/\/flamiesztrich.hu\/hu\/#\/schema\/logo\/image\/"}}]}},"_links":{"self":[{"href":"https:\/\/flamiesztrich.hu\/de\/wp-json\/wp\/v2\/pages\/48","targetHints":{"allow":["GET"]}}],"collection":[{"href":"https:\/\/flamiesztrich.hu\/de\/wp-json\/wp\/v2\/pages"}],"about":[{"href":"https:\/\/flamiesztrich.hu\/de\/wp-json\/wp\/v2\/types\/page"}],"author":[{"embeddable":true,"href":"https:\/\/flamiesztrich.hu\/de\/wp-json\/wp\/v2\/users\/1"}],"replies":[{"embeddable":true,"href":"https:\/\/flamiesztrich.hu\/de\/wp-json\/wp\/v2\/comments?post=48"}],"version-history":[{"count":49,"href":"https:\/\/flamiesztrich.hu\/de\/wp-json\/wp\/v2\/pages\/48\/revisions"}],"predecessor-version":[{"id":511,"href":"https:\/\/flamiesztrich.hu\/de\/wp-json\/wp\/v2\/pages\/48\/revisions\/511"}],"wp:attachment":[{"href":"https:\/\/flamiesztrich.hu\/de\/wp-json\/wp\/v2\/media?parent=48"}],"curies":[{"name":"wp","href":"https:\/\/api.w.org\/{rel}","templated":true}]}}