{"id":299,"date":"2021-10-31T15:57:04","date_gmt":"2021-10-31T15:57:04","guid":{"rendered":"http:\/\/flamiesztrich.hu\/?page_id=299"},"modified":"2022-12-09T09:04:34","modified_gmt":"2022-12-09T09:04:34","slug":"egyeb-munkaink","status":"publish","type":"page","link":"https:\/\/flamiesztrich.hu\/hu\/egyeb-munkaink\/","title":{"rendered":"Egy\u00e9b munk\u00e1ink"},"content":{"rendered":"<p>Az esztrich betonoz\u00e1s mellett az al\u00e1bbi tev\u00e9kenys\u00e9gekkel is \u00e1llunk megrendel\u0151ink rendelkez\u00e9s\u00e9re:<\/p>\n<ul>\n<li>styroporbeton\u00a0 (k\u00f6nny\u0171beton, h\u0151szigetel\u0151 beton) k\u00e9sz\u00edt\u00e9s,<\/li>\n<li>alaplemezek, alapok k\u00e9sz\u00edt\u00e9se,<\/li>\n<li>ipari padl\u00f3k k\u00e9sz\u00edt\u00e9se,<\/li>\n<li>betonutak kivitelez\u00e9se,<\/li>\n<li>m\u0171gyanta burkolat k\u00e9sz\u00edt\u00e9se.<\/li>\n<\/ul>\n<style type=\"text\/css\">\n\t\t\t#gallery-3 {<br \/>\t\t\t\tmargin: auto;<br \/>\t\t\t}<br \/>\t\t\t#gallery-3 .gallery-item {<br \/>\t\t\t\tfloat: left;<br \/>\t\t\t\tmargin-top: 10px;<br \/>\t\t\t\ttext-align: center;<br \/>\t\t\t\twidth: 33%;<br \/>\t\t\t}<br \/>\t\t\t#gallery-3 img {<br \/>\t\t\t\tborder: 2px solid #cfcfcf;<br \/>\t\t\t}<br \/>\t\t\t#gallery-3 .gallery-caption {<br \/>\t\t\t\tmargin-left: 0;<br \/>\t\t\t}<br \/>\t\t\t\/* see gallery_shortcode() in wp-includes\/media.php *\/<br \/>\t\t<\/style>\n<dl class=\"gallery-item\">\n<dt class=\"gallery-icon portrait\"><a data-elementor-open-lightbox=\"yes\" data-elementor-lightbox-slideshow=\"7a52677\" data-elementor-lightbox-title=\"Csal\u00e1di h\u00e1z, j\u00e1r\u00f3lapoz\u00e1s\" href=\"http:\/\/flamiesztrich.hu\/wp-content\/uploads\/2021\/10\/flami_esztirch_bau_jarolap.jpg\"><img decoding=\"async\" width=\"225\" height=\"300\" src=\"http:\/\/flamiesztrich.hu\/wp-content\/uploads\/2021\/10\/flami_esztirch_bau_jarolap-225x300.jpg\" alt=\"\" loading=\"lazy\" aria-describedby=\"gallery-3-291\" srcset=\"http:\/\/flamiesztrich.hu\/wp-content\/uploads\/2021\/10\/flami_esztirch_bau_jarolap-225x300.jpg 225w, http:\/\/flamiesztrich.hu\/wp-content\/uploads\/2021\/10\/flami_esztirch_bau_jarolap.jpg 720w\" sizes=\"auto, (max-width: 225px) 100vw, 225px\" \/><\/a><\/dt>\n<dd class=\"wp-caption-text gallery-caption\" id=\"gallery-3-291\">Csal\u00e1di h\u00e1z, j\u00e1r\u00f3lapoz\u00e1s<\/dd>\n<\/dl>\n<dl class=\"gallery-item\">\n<dt class=\"gallery-icon portrait\"><a data-elementor-open-lightbox=\"yes\" data-elementor-lightbox-slideshow=\"7a52677\" data-elementor-lightbox-title=\"F\u00fcrd\u0151szoba burkol\u00e1s\" href=\"http:\/\/flamiesztrich.hu\/wp-content\/uploads\/2021\/10\/flami_esztirch_bau_furdo2.jpg\"><img decoding=\"async\" width=\"225\" height=\"300\" src=\"http:\/\/flamiesztrich.hu\/wp-content\/uploads\/2021\/10\/flami_esztirch_bau_furdo2-225x300.jpg\" alt=\"\" loading=\"lazy\" aria-describedby=\"gallery-3-288\" srcset=\"http:\/\/flamiesztrich.hu\/wp-content\/uploads\/2021\/10\/flami_esztirch_bau_furdo2-225x300.jpg 225w, http:\/\/flamiesztrich.hu\/wp-content\/uploads\/2021\/10\/flami_esztirch_bau_furdo2.jpg 720w\" sizes=\"auto, (max-width: 225px) 100vw, 225px\" \/><\/a><\/dt>\n<dd class=\"wp-caption-text gallery-caption\" id=\"gallery-3-288\">F\u00fcrd\u0151szoba burkol\u00e1s<\/dd>\n<\/dl>\n<dl class=\"gallery-item\">\n<dt class=\"gallery-icon portrait\"><a data-elementor-open-lightbox=\"yes\" data-elementor-lightbox-slideshow=\"7a52677\" data-elementor-lightbox-title=\"F\u00fcrd\u0151szoba burkol\u00e1s\" href=\"http:\/\/flamiesztrich.hu\/wp-content\/uploads\/2021\/10\/flami_esztirch_bau_furdo.jpg\"><img decoding=\"async\" width=\"225\" height=\"300\" src=\"http:\/\/flamiesztrich.hu\/wp-content\/uploads\/2021\/10\/flami_esztirch_bau_furdo-225x300.jpg\" alt=\"\" loading=\"lazy\" aria-describedby=\"gallery-3-287\" srcset=\"http:\/\/flamiesztrich.hu\/wp-content\/uploads\/2021\/10\/flami_esztirch_bau_furdo-225x300.jpg 225w, http:\/\/flamiesztrich.hu\/wp-content\/uploads\/2021\/10\/flami_esztirch_bau_furdo.jpg 720w\" sizes=\"auto, (max-width: 225px) 100vw, 225px\" \/><\/a><\/dt>\n<dd class=\"wp-caption-text gallery-caption\" id=\"gallery-3-287\">F\u00fcrd\u0151szoba burkol\u00e1s<\/dd>\n<\/dl>\n<p>&nbsp;<\/p>\n<dl class=\"gallery-item\">\n<dt class=\"gallery-icon portrait\"><a data-elementor-open-lightbox=\"yes\" data-elementor-lightbox-slideshow=\"7a52677\" data-elementor-lightbox-title=\"Csal\u00e1di h\u00e1z\" href=\"http:\/\/flamiesztrich.hu\/wp-content\/uploads\/2021\/10\/flami_esztirch_bau_haz3.jpg\"><img decoding=\"async\" width=\"225\" height=\"300\" src=\"http:\/\/flamiesztrich.hu\/wp-content\/uploads\/2021\/10\/flami_esztirch_bau_haz3-225x300.jpg\" alt=\"\" loading=\"lazy\" aria-describedby=\"gallery-3-280\" srcset=\"http:\/\/flamiesztrich.hu\/wp-content\/uploads\/2021\/10\/flami_esztirch_bau_haz3-225x300.jpg 225w, http:\/\/flamiesztrich.hu\/wp-content\/uploads\/2021\/10\/flami_esztirch_bau_haz3.jpg 720w\" sizes=\"auto, (max-width: 225px) 100vw, 225px\" \/><\/a><\/dt>\n<dd class=\"wp-caption-text gallery-caption\" id=\"gallery-3-280\">Csal\u00e1di h\u00e1z<\/dd>\n<\/dl>\n<dl class=\"gallery-item\">\n<dt class=\"gallery-icon portrait\"><a data-elementor-open-lightbox=\"yes\" data-elementor-lightbox-slideshow=\"7a52677\" data-elementor-lightbox-title=\"Csaladi h\u00e1z, alapoz\u00e1s\" href=\"http:\/\/flamiesztrich.hu\/wp-content\/uploads\/2021\/10\/flami_esztirch_bau_haz2.jpg\"><img decoding=\"async\" width=\"225\" height=\"300\" src=\"http:\/\/flamiesztrich.hu\/wp-content\/uploads\/2021\/10\/flami_esztirch_bau_haz2-225x300.jpg\" alt=\"\" loading=\"lazy\" aria-describedby=\"gallery-3-283\" srcset=\"http:\/\/flamiesztrich.hu\/wp-content\/uploads\/2021\/10\/flami_esztirch_bau_haz2-225x300.jpg 225w, http:\/\/flamiesztrich.hu\/wp-content\/uploads\/2021\/10\/flami_esztirch_bau_haz2.jpg 720w\" sizes=\"auto, (max-width: 225px) 100vw, 225px\" \/><\/a><\/dt>\n<dd class=\"wp-caption-text gallery-caption\" id=\"gallery-3-283\">Csaladi h\u00e1z, alapoz\u00e1s<\/dd>\n<\/dl>\n<dl class=\"gallery-item\">\n<dt class=\"gallery-icon portrait\"><a data-elementor-open-lightbox=\"yes\" data-elementor-lightbox-slideshow=\"7a52677\" data-elementor-lightbox-title=\"Csaladi h\u00e1z, alapoz\u00e1s\" href=\"http:\/\/flamiesztrich.hu\/wp-content\/uploads\/2021\/10\/flami_esztirch_bau_haz1.jpg\"><img decoding=\"async\" width=\"225\" height=\"300\" src=\"http:\/\/flamiesztrich.hu\/wp-content\/uploads\/2021\/10\/flami_esztirch_bau_haz1-225x300.jpg\" alt=\"\" loading=\"lazy\" aria-describedby=\"gallery-3-284\" srcset=\"http:\/\/flamiesztrich.hu\/wp-content\/uploads\/2021\/10\/flami_esztirch_bau_haz1-225x300.jpg 225w, http:\/\/flamiesztrich.hu\/wp-content\/uploads\/2021\/10\/flami_esztirch_bau_haz1.jpg 720w\" sizes=\"auto, (max-width: 225px) 100vw, 225px\" \/><\/a><\/dt>\n<dd class=\"wp-caption-text gallery-caption\" id=\"gallery-3-284\">Csaladi h\u00e1z, alapoz\u00e1s<\/dd>\n<\/dl>\n<p>&nbsp;<\/p>\n<dl class=\"gallery-item\">\n<dt class=\"gallery-icon portrait\"><a data-elementor-open-lightbox=\"yes\" data-elementor-lightbox-slideshow=\"7a52677\" data-elementor-lightbox-title=\"Csal\u00e1di h\u00e1z, falaz\u00e1s\" href=\"http:\/\/flamiesztrich.hu\/wp-content\/uploads\/2021\/10\/flami_esztirch_bau_haz5.jpg\"><img decoding=\"async\" width=\"225\" height=\"300\" src=\"http:\/\/flamiesztrich.hu\/wp-content\/uploads\/2021\/10\/flami_esztirch_bau_haz5-225x300.jpg\" alt=\"\" loading=\"lazy\" aria-describedby=\"gallery-3-279\" srcset=\"http:\/\/flamiesztrich.hu\/wp-content\/uploads\/2021\/10\/flami_esztirch_bau_haz5-225x300.jpg 225w, http:\/\/flamiesztrich.hu\/wp-content\/uploads\/2021\/10\/flami_esztirch_bau_haz5.jpg 720w\" sizes=\"auto, (max-width: 225px) 100vw, 225px\" \/><\/a><\/dt>\n<dd class=\"wp-caption-text gallery-caption\" id=\"gallery-3-279\">Csal\u00e1di h\u00e1z, falaz\u00e1s<\/dd>\n<\/dl>\n<dl class=\"gallery-item\">\n<dt class=\"gallery-icon portrait\"><a data-elementor-open-lightbox=\"yes\" data-elementor-lightbox-slideshow=\"7a52677\" data-elementor-lightbox-title=\"Csal\u00e1di h\u00e1z, falaz\u00e1s\" href=\"http:\/\/flamiesztrich.hu\/wp-content\/uploads\/2021\/10\/flami_esztirch_bau_haz4.jpg\"><img decoding=\"async\" width=\"225\" height=\"300\" src=\"http:\/\/flamiesztrich.hu\/wp-content\/uploads\/2021\/10\/flami_esztirch_bau_haz4-225x300.jpg\" alt=\"\" loading=\"lazy\" aria-describedby=\"gallery-3-278\" srcset=\"http:\/\/flamiesztrich.hu\/wp-content\/uploads\/2021\/10\/flami_esztirch_bau_haz4-225x300.jpg 225w, http:\/\/flamiesztrich.hu\/wp-content\/uploads\/2021\/10\/flami_esztirch_bau_haz4.jpg 720w\" sizes=\"auto, (max-width: 225px) 100vw, 225px\" \/><\/a><\/dt>\n<dd class=\"wp-caption-text gallery-caption\" id=\"gallery-3-278\">Csal\u00e1di h\u00e1z, falaz\u00e1s<\/dd>\n<\/dl>\n<dl class=\"gallery-item\">\n<dt class=\"gallery-icon portrait\"><a data-elementor-open-lightbox=\"yes\" data-elementor-lightbox-slideshow=\"7a52677\" data-elementor-lightbox-title=\"Csal\u00e1di h\u00e1z, falaz\u00e1s\" href=\"http:\/\/flamiesztrich.hu\/wp-content\/uploads\/2021\/10\/flami_esztirch_bau_haz8.jpg\"><img decoding=\"async\" width=\"225\" height=\"300\" src=\"http:\/\/flamiesztrich.hu\/wp-content\/uploads\/2021\/10\/flami_esztirch_bau_haz8-225x300.jpg\" alt=\"\" loading=\"lazy\" aria-describedby=\"gallery-3-277\" srcset=\"http:\/\/flamiesztrich.hu\/wp-content\/uploads\/2021\/10\/flami_esztirch_bau_haz8-225x300.jpg 225w, http:\/\/flamiesztrich.hu\/wp-content\/uploads\/2021\/10\/flami_esztirch_bau_haz8.jpg 720w\" sizes=\"auto, (max-width: 225px) 100vw, 225px\" \/><\/a><\/dt>\n<dd class=\"wp-caption-text gallery-caption\" id=\"gallery-3-277\">Csal\u00e1di h\u00e1z, falaz\u00e1s<\/dd>\n<\/dl>\n<p>&nbsp;<\/p>\n<dl class=\"gallery-item\">\n<dt class=\"gallery-icon portrait\"><a data-elementor-open-lightbox=\"yes\" data-elementor-lightbox-slideshow=\"7a52677\" data-elementor-lightbox-title=\"Csal\u00e1di h\u00e1z, falaz\u00e1s\" href=\"http:\/\/flamiesztrich.hu\/wp-content\/uploads\/2021\/10\/flami_esztirch_bau_haz7.jpg\"><img decoding=\"async\" width=\"225\" height=\"300\" src=\"http:\/\/flamiesztrich.hu\/wp-content\/uploads\/2021\/10\/flami_esztirch_bau_haz7-225x300.jpg\" alt=\"\" loading=\"lazy\" aria-describedby=\"gallery-3-276\" srcset=\"http:\/\/flamiesztrich.hu\/wp-content\/uploads\/2021\/10\/flami_esztirch_bau_haz7-225x300.jpg 225w, http:\/\/flamiesztrich.hu\/wp-content\/uploads\/2021\/10\/flami_esztirch_bau_haz7.jpg 720w\" sizes=\"auto, (max-width: 225px) 100vw, 225px\" \/><\/a><\/dt>\n<dd class=\"wp-caption-text gallery-caption\" id=\"gallery-3-276\">Csal\u00e1di h\u00e1z, falaz\u00e1s<\/dd>\n<\/dl>\n<dl class=\"gallery-item\">\n<dt class=\"gallery-icon portrait\"><a data-elementor-open-lightbox=\"yes\" data-elementor-lightbox-slideshow=\"7a52677\" data-elementor-lightbox-title=\"Csal\u00e1di h\u00e1z, falaz\u00e1s\" href=\"http:\/\/flamiesztrich.hu\/wp-content\/uploads\/2021\/10\/20210826_145530-scaled-e1635696758471.jpg\"><img decoding=\"async\" width=\"225\" height=\"300\" src=\"http:\/\/flamiesztrich.hu\/wp-content\/uploads\/2021\/10\/20210826_145530-scaled-e1635696758471-225x300.jpg\" alt=\"\" loading=\"lazy\" aria-describedby=\"gallery-3-92\" srcset=\"http:\/\/flamiesztrich.hu\/wp-content\/uploads\/2021\/10\/20210826_145530-scaled-e1635696758471-225x300.jpg 225w, http:\/\/flamiesztrich.hu\/wp-content\/uploads\/2021\/10\/20210826_145530-scaled-e1635696758471.jpg 720w\" sizes=\"auto, (max-width: 225px) 100vw, 225px\" \/><\/a><\/dt>\n<dd class=\"wp-caption-text gallery-caption\" id=\"gallery-3-92\">Csal\u00e1di h\u00e1z, falaz\u00e1s<\/dd>\n<\/dl>\n<dl class=\"gallery-item\">\n<dt class=\"gallery-icon portrait\"><a data-elementor-open-lightbox=\"yes\" data-elementor-lightbox-slideshow=\"7a52677\" data-elementor-lightbox-title=\"Ipari padl\u00f3\" href=\"http:\/\/flamiesztrich.hu\/wp-content\/uploads\/2021\/10\/flami_esztrich_ipari_csarnok.png\"><img decoding=\"async\" width=\"225\" height=\"300\" src=\"http:\/\/flamiesztrich.hu\/wp-content\/uploads\/2021\/10\/flami_esztrich_ipari_csarnok-225x300.png\" alt=\"\" loading=\"lazy\" aria-describedby=\"gallery-3-312\" srcset=\"http:\/\/flamiesztrich.hu\/wp-content\/uploads\/2021\/10\/flami_esztrich_ipari_csarnok-225x300.png 225w, http:\/\/flamiesztrich.hu\/wp-content\/uploads\/2021\/10\/flami_esztrich_ipari_csarnok.png 563w\" sizes=\"auto, (max-width: 225px) 100vw, 225px\" \/><\/a><\/dt>\n<dd class=\"wp-caption-text gallery-caption\" id=\"gallery-3-312\">Ipari padl\u00f3<\/dd>\n<\/dl>\n<p>&nbsp;<!-- Created with Elementor --><\/p>\n","protected":false},"excerpt":{"rendered":"<p>Az esztrich betonoz\u00e1s mellett az al\u00e1bbi tev\u00e9kenys\u00e9gekkel is \u00e1llunk megrendel\u0151ink rendelkez\u00e9s\u00e9re: styroporbeton\u00a0 (k\u00f6nny\u0171beton, h\u0151szigetel\u0151 beton) k\u00e9sz\u00edt\u00e9s, alaplemezek, alapok k\u00e9sz\u00edt\u00e9se, ipari padl\u00f3k k\u00e9sz\u00edt\u00e9se, betonutak kivitelez\u00e9se, m\u0171gyanta burkolat k\u00e9sz\u00edt\u00e9se. Csal\u00e1di h\u00e1z, j\u00e1r\u00f3lapoz\u00e1s F\u00fcrd\u0151szoba burkol\u00e1s F\u00fcrd\u0151szoba burkol\u00e1s &nbsp; Csal\u00e1di h\u00e1z Csaladi h\u00e1z, alapoz\u00e1s Csaladi h\u00e1z, alapoz\u00e1s &nbsp; Csal\u00e1di h\u00e1z, falaz\u00e1s Csal\u00e1di h\u00e1z, falaz\u00e1s [&hellip;]<\/p>\n","protected":false},"author":1,"featured_media":0,"parent":0,"menu_order":0,"comment_status":"closed","ping_status":"closed","template":"","meta":{"footnotes":""},"class_list":["post-299","page","type-page","status-publish","hentry"],"yoast_head":"<!-- This site is optimized with the Yoast SEO plugin v19.8 - https:\/\/yoast.com\/wordpress\/plugins\/seo\/ -->\n<title>Egy\u00e9b munk\u00e1ink - Flami Esztrich Bau Kft.<\/title>\n<meta name=\"description\" content=\"Gy\u0151r esztrichez\u00e9s,beton k\u00e9sz\u00edt\u00e9s,aljzatbeton,munka aljzatol\u00e1s,profi beton k\u00e9sz\u00edt\u00e9s,min\u0151s\u00e9gi esztrich,sz\u00e9p beton,terasz betonoz\u00e1s,olcs\u00f3 beton\" \/>\n<meta name=\"robots\" content=\"index, follow, max-snippet:-1, max-image-preview:large, max-video-preview:-1\" \/>\n<link rel=\"canonical\" href=\"https:\/\/flamiesztrich.hu\/hu\/egyeb-munkaink\/\" \/>\n<meta property=\"og:locale\" content=\"hu_HU\" \/>\n<meta property=\"og:type\" content=\"article\" \/>\n<meta property=\"og:title\" content=\"Egy\u00e9b munk\u00e1ink\" \/>\n<meta property=\"og:description\" content=\"Gy\u0151r esztrichez\u00e9s,beton k\u00e9sz\u00edt\u00e9s,aljzatbeton,munka aljzatol\u00e1s,profi beton k\u00e9sz\u00edt\u00e9s,min\u0151s\u00e9gi esztrich,sz\u00e9p beton,terasz betonoz\u00e1s,olcs\u00f3 beton\" \/>\n<meta property=\"og:url\" content=\"https:\/\/flamiesztrich.hu\/hu\/egyeb-munkaink\/\" \/>\n<meta property=\"og:site_name\" content=\"Flami Esztrich Bau Kft.\" \/>\n<meta property=\"article:modified_time\" content=\"2022-12-09T09:04:34+00:00\" \/>\n<meta property=\"og:image\" content=\"http:\/\/flamiesztrich.hu\/wp-content\/uploads\/2021\/10\/flami_esztirch_bau_jarolap-225x300.jpg\" \/>\n<meta name=\"twitter:card\" content=\"summary_large_image\" \/>\n<meta name=\"twitter:label1\" content=\"Becs\u00fclt olvas\u00e1si id\u0151\" \/>\n\t<meta name=\"twitter:data1\" content=\"3 perc\" \/>\n<script type=\"application\/ld+json\" class=\"yoast-schema-graph\">{\"@context\":\"https:\/\/schema.org\",\"@graph\":[{\"@type\":\"WebPage\",\"@id\":\"https:\/\/flamiesztrich.hu\/hu\/egyeb-munkaink\/\",\"url\":\"https:\/\/flamiesztrich.hu\/hu\/egyeb-munkaink\/\",\"name\":\"[:de]Unsere anderen Arbeiten[:hu]Egy\u00e9b munk\u00e1ink[:] - Flami Esztrich Bau Kft.\",\"isPartOf\":{\"@id\":\"http:\/\/flamiesztrich.hu\/hu\/#website\"},\"datePublished\":\"2021-10-31T15:57:04+00:00\",\"dateModified\":\"2022-12-09T09:04:34+00:00\",\"description\":\"Gy\u0151r esztrichez\u00e9s,beton k\u00e9sz\u00edt\u00e9s,aljzatbeton,munka aljzatol\u00e1s,profi beton k\u00e9sz\u00edt\u00e9s,min\u0151s\u00e9gi esztrich,sz\u00e9p beton,terasz betonoz\u00e1s,olcs\u00f3 beton\",\"breadcrumb\":{\"@id\":\"https:\/\/flamiesztrich.hu\/hu\/egyeb-munkaink\/#breadcrumb\"},\"inLanguage\":\"hu-HU\",\"potentialAction\":[{\"@type\":\"ReadAction\",\"target\":[\"https:\/\/flamiesztrich.hu\/hu\/egyeb-munkaink\/\"]}]},{\"@type\":\"BreadcrumbList\",\"@id\":\"https:\/\/flamiesztrich.hu\/hu\/egyeb-munkaink\/#breadcrumb\",\"itemListElement\":[{\"@type\":\"ListItem\",\"position\":1,\"name\":\"Kezd\u0151lap\",\"item\":\"http:\/\/flamiesztrich.hu\/hu\/\"},{\"@type\":\"ListItem\",\"position\":2,\"name\":\"Egy\u00e9b munk\u00e1ink\"}]},{\"@type\":\"WebSite\",\"@id\":\"http:\/\/flamiesztrich.hu\/hu\/#website\",\"url\":\"http:\/\/flamiesztrich.hu\/hu\/\",\"name\":\"Flami Esztrich Bau Kft.\",\"description\":\"Esztrich betonoz\u00e1s, terasz betonoz\u00e1s, estrich beton, gyors beton\",\"publisher\":{\"@id\":\"http:\/\/flamiesztrich.hu\/hu\/#organization\"},\"potentialAction\":[{\"@type\":\"SearchAction\",\"target\":{\"@type\":\"EntryPoint\",\"urlTemplate\":\"http:\/\/flamiesztrich.hu\/hu\/?s={search_term_string}\"},\"query-input\":\"required name=search_term_string\"}],\"inLanguage\":\"hu-HU\"},{\"@type\":\"Organization\",\"@id\":\"http:\/\/flamiesztrich.hu\/hu\/#organization\",\"name\":\"FLAMI ESZTRICH BAU Kft\",\"url\":\"http:\/\/flamiesztrich.hu\/hu\/\",\"sameAs\":[],\"logo\":{\"@type\":\"ImageObject\",\"inLanguage\":\"hu-HU\",\"@id\":\"http:\/\/flamiesztrich.hu\/hu\/#\/schema\/logo\/image\/\",\"url\":\"http:\/\/flamiesztrich.hu\/wp-content\/uploads\/2022\/07\/flami_esztrich_vizszint.jpg\",\"contentUrl\":\"http:\/\/flamiesztrich.hu\/wp-content\/uploads\/2022\/07\/flami_esztrich_vizszint.jpg\",\"width\":350,\"height\":320,\"caption\":\"FLAMI ESZTRICH BAU Kft\"},\"image\":{\"@id\":\"http:\/\/flamiesztrich.hu\/hu\/#\/schema\/logo\/image\/\"}}]}<\/script>\n<!-- \/ Yoast SEO plugin. -->","yoast_head_json":{"title":"Egy\u00e9b munk\u00e1ink - Flami Esztrich Bau Kft.","description":"Gy\u0151r esztrichez\u00e9s,beton k\u00e9sz\u00edt\u00e9s,aljzatbeton,munka aljzatol\u00e1s,profi beton k\u00e9sz\u00edt\u00e9s,min\u0151s\u00e9gi esztrich,sz\u00e9p beton,terasz betonoz\u00e1s,olcs\u00f3 beton","robots":{"index":"index","follow":"follow","max-snippet":"max-snippet:-1","max-image-preview":"max-image-preview:large","max-video-preview":"max-video-preview:-1"},"canonical":"https:\/\/flamiesztrich.hu\/hu\/egyeb-munkaink\/","og_locale":"hu_HU","og_type":"article","og_title":"[:de]Unsere anderen Arbeiten[:hu]Egy\u00e9b munk\u00e1ink[:] - Flami Esztrich Bau Kft.","og_description":"Gy\u0151r esztrichez\u00e9s,beton k\u00e9sz\u00edt\u00e9s,aljzatbeton,munka aljzatol\u00e1s,profi beton k\u00e9sz\u00edt\u00e9s,min\u0151s\u00e9gi esztrich,sz\u00e9p beton,terasz betonoz\u00e1s,olcs\u00f3 beton","og_url":"https:\/\/flamiesztrich.hu\/hu\/egyeb-munkaink\/","og_site_name":"Flami Esztrich Bau Kft.","article_modified_time":"2022-12-09T09:04:34+00:00","og_image":[{"url":"http:\/\/flamiesztrich.hu\/wp-content\/uploads\/2021\/10\/flami_esztirch_bau_jarolap-225x300.jpg"}],"twitter_card":"summary_large_image","twitter_misc":{"Becs\u00fclt olvas\u00e1si id\u0151":"3 perc"},"schema":{"@context":"https:\/\/schema.org","@graph":[{"@type":"WebPage","@id":"https:\/\/flamiesztrich.hu\/hu\/egyeb-munkaink\/","url":"https:\/\/flamiesztrich.hu\/hu\/egyeb-munkaink\/","name":"[:de]Unsere anderen Arbeiten[:hu]Egy\u00e9b munk\u00e1ink[:] - Flami Esztrich Bau Kft.","isPartOf":{"@id":"http:\/\/flamiesztrich.hu\/hu\/#website"},"datePublished":"2021-10-31T15:57:04+00:00","dateModified":"2022-12-09T09:04:34+00:00","description":"Gy\u0151r esztrichez\u00e9s,beton k\u00e9sz\u00edt\u00e9s,aljzatbeton,munka aljzatol\u00e1s,profi beton k\u00e9sz\u00edt\u00e9s,min\u0151s\u00e9gi esztrich,sz\u00e9p beton,terasz betonoz\u00e1s,olcs\u00f3 beton","breadcrumb":{"@id":"https:\/\/flamiesztrich.hu\/hu\/egyeb-munkaink\/#breadcrumb"},"inLanguage":"hu-HU","potentialAction":[{"@type":"ReadAction","target":["https:\/\/flamiesztrich.hu\/hu\/egyeb-munkaink\/"]}]},{"@type":"BreadcrumbList","@id":"https:\/\/flamiesztrich.hu\/hu\/egyeb-munkaink\/#breadcrumb","itemListElement":[{"@type":"ListItem","position":1,"name":"Kezd\u0151lap","item":"http:\/\/flamiesztrich.hu\/hu\/"},{"@type":"ListItem","position":2,"name":"Egy\u00e9b munk\u00e1ink"}]},{"@type":"WebSite","@id":"http:\/\/flamiesztrich.hu\/hu\/#website","url":"http:\/\/flamiesztrich.hu\/hu\/","name":"Flami Esztrich Bau Kft.","description":"Esztrich betonoz\u00e1s, terasz betonoz\u00e1s, estrich beton, gyors beton","publisher":{"@id":"http:\/\/flamiesztrich.hu\/hu\/#organization"},"potentialAction":[{"@type":"SearchAction","target":{"@type":"EntryPoint","urlTemplate":"http:\/\/flamiesztrich.hu\/hu\/?s={search_term_string}"},"query-input":"required name=search_term_string"}],"inLanguage":"hu-HU"},{"@type":"Organization","@id":"http:\/\/flamiesztrich.hu\/hu\/#organization","name":"FLAMI ESZTRICH BAU Kft","url":"http:\/\/flamiesztrich.hu\/hu\/","sameAs":[],"logo":{"@type":"ImageObject","inLanguage":"hu-HU","@id":"http:\/\/flamiesztrich.hu\/hu\/#\/schema\/logo\/image\/","url":"http:\/\/flamiesztrich.hu\/wp-content\/uploads\/2022\/07\/flami_esztrich_vizszint.jpg","contentUrl":"http:\/\/flamiesztrich.hu\/wp-content\/uploads\/2022\/07\/flami_esztrich_vizszint.jpg","width":350,"height":320,"caption":"FLAMI ESZTRICH BAU Kft"},"image":{"@id":"http:\/\/flamiesztrich.hu\/hu\/#\/schema\/logo\/image\/"}}]}},"_links":{"self":[{"href":"https:\/\/flamiesztrich.hu\/hu\/wp-json\/wp\/v2\/pages\/299","targetHints":{"allow":["GET"]}}],"collection":[{"href":"https:\/\/flamiesztrich.hu\/hu\/wp-json\/wp\/v2\/pages"}],"about":[{"href":"https:\/\/flamiesztrich.hu\/hu\/wp-json\/wp\/v2\/types\/page"}],"author":[{"embeddable":true,"href":"https:\/\/flamiesztrich.hu\/hu\/wp-json\/wp\/v2\/users\/1"}],"replies":[{"embeddable":true,"href":"https:\/\/flamiesztrich.hu\/hu\/wp-json\/wp\/v2\/comments?post=299"}],"version-history":[{"count":21,"href":"https:\/\/flamiesztrich.hu\/hu\/wp-json\/wp\/v2\/pages\/299\/revisions"}],"predecessor-version":[{"id":507,"href":"https:\/\/flamiesztrich.hu\/hu\/wp-json\/wp\/v2\/pages\/299\/revisions\/507"}],"wp:attachment":[{"href":"https:\/\/flamiesztrich.hu\/hu\/wp-json\/wp\/v2\/media?parent=299"}],"curies":[{"name":"wp","href":"https:\/\/api.w.org\/{rel}","templated":true}]}}