{"id":48,"date":"2021-10-12T08:00:42","date_gmt":"2021-10-12T08:00:42","guid":{"rendered":"http:\/\/flamiesztrich.hu\/?page_id=48"},"modified":"2022-12-09T09:05:07","modified_gmt":"2022-12-09T09:05:07","slug":"bemutatkozas","status":"publish","type":"page","link":"https:\/\/flamiesztrich.hu\/hu\/bemutatkozas\/","title":{"rendered":"Bemutatkoz\u00e1s"},"content":{"rendered":"<p><strong>Sz\u00e1munkra nem csup\u00e1n munka az esztrich, hanem szerelem!<\/strong><\/p>\n<p>J\u00f3magam 15 \u00e9ve az \u00e9p\u00edt\u0151iparban tev\u00e9kenykedek, ebb\u0151l az ut\u00f3bbi 8 \u00e9vben esztrich betonoz\u00e1sra specializ\u00e1l\u00f3dva.\u00a0Munk\u00e1ink min\u0151s\u00e9ge t\u00fckr\u00f6zi a megrendel\u0151ink fel\u00e9, hogy minden esetben megpr\u00f3b\u00e1ljuk szaktud\u00e1sunk legjav\u00e1t adni. A helysz\u00edn, az id\u0151j\u00e1r\u00e1s \u00e9s t\u00f6bb m\u00e1s t\u00e9nyez\u0151 figyelembe v\u00e9tel\u00e9vel, c\u00e9lunk a legink\u00e1bb k\u00f6lts\u00e9ghat\u00e9kony \u00e9s legmagasabb min\u0151s\u00e9g\u0171 megold\u00e1sok megtal\u00e1l\u00e1sa.<\/p>\n<p>Sz\u00e9les k\u00f6rben k\u00edn\u00e1ljuk szolg\u00e1ltat\u00e1sainkat, sok el\u00e9rhetetlennek hitt helyen, ahol m\u00e1s m\u00f3dszerek nem haszn\u00e1lhat\u00f3k, mint p\u00e9ld\u00e1ul:<\/p>\n<p>\u25ba bels\u0151 udvarok,<br \/>\n\u25ba\u00a0sz\u0171k helyek, amihez mixer pump\u00e1k nem f\u00e9rnek hozz\u00e1,<br \/>\n\u25ba\u00a0ahol a k\u00e9zi er\u0151vel v\u00e9gzett munka sokszorosan megn\u00f6veln\u00e9 a k\u00f6lts\u00e9geket,<br \/>\n\u25ba\u00a0ahol nem lehet megoldani a beton sz\u00e1ll\u00edt\u00e1s\u00e1t.<\/p>\n<ul><\/ul>\n<p>Mindemellett\u00a0rugalmas hozz\u00e1\u00e1ll\u00e1ssal <b>minden helysz\u00edni probl\u00e9m\u00e1t megoldunk \u00e9s \u00e1thidalunk!\u00a0<\/b><\/p>\n<p><strong><u>Ingyenes felm\u00e9r\u00e9st biztos\u00edtunk<\/u>,<\/strong> seg\u00edts\u00e9get ny\u00fajtunk a megfelel\u0151 anyagok kiv\u00e1laszt\u00e1s\u00e1ban, mennyis\u00e9gek meghat\u00e1roz\u00e1s\u00e1ban. Amennyiben szakmai ir\u00e1ny\u00fa k\u00e9rd\u00e9se mer\u00fclne fel, vagy tan\u00e1csra lenne sz\u00fcks\u00e9ge, mi seg\u00edt\u00fcnk!<\/p>\n<p>Tev\u00e9kenys\u00e9g\u00fcnk els\u0151sorban Gy\u0151r-Moson-Sopron-, Vas-, Zala- \u00e9s Kom\u00e1rom-Esztergom megy\u00e9re, illetve a Balaton \u00e9szaki partj\u00e1ra\u00a0terjed ki.<\/p>\n<p><a href=\"http:\/\/flamiesztrich.hu\/kapcsolat\/\">Keressen minket<\/a>\u00a0bizalommal!<\/p>\n<p><strong>Rics\u00e1k R\u00f3bert &#8211; FLAMI ESZTRICH BAU Kft.\u00a0<\/strong><\/p>\n<p style=\"text-align: center;\"><b>Az esztrich betonoz\u00e1s mellett az al\u00e1bbi tev\u00e9kenys\u00e9gekkel is \u00e1llunk megrendel\u0151ink rendelkez\u00e9s\u00e9re:<\/b><\/p>\n<p style=\"text-align: center;\">\u25ba\u00a0styroporbeton\u00a0 (k\u00f6nny\u0171beton, h\u0151szigetel\u0151 beton) k\u00e9sz\u00edt\u00e9s,<\/p>\n<p style=\"text-align: center;\">\u25ba\u00a0alaplemezek, alapok k\u00e9sz\u00edt\u00e9se,<\/p>\n<p style=\"text-align: center;\">\u25ba\u00a0ipari padl\u00f3k k\u00e9sz\u00edt\u00e9se,<\/p>\n<p style=\"text-align: center;\">\u25ba\u00a0betonutak kivitelez\u00e9se,<\/p>\n<p style=\"text-align: center;\">\u25ba\u00a0m\u0171gyanta burkolat k\u00e9sz\u00edt\u00e9se.<\/p>\n<p><!-- Created with Elementor --><\/p>\n","protected":false},"excerpt":{"rendered":"<p>Sz\u00e1munkra nem csup\u00e1n munka az esztrich, hanem szerelem! J\u00f3magam 15 \u00e9ve az \u00e9p\u00edt\u0151iparban tev\u00e9kenykedek, ebb\u0151l az ut\u00f3bbi 8 \u00e9vben esztrich betonoz\u00e1sra specializ\u00e1l\u00f3dva.\u00a0Munk\u00e1ink min\u0151s\u00e9ge t\u00fckr\u00f6zi a megrendel\u0151ink fel\u00e9, hogy minden esetben megpr\u00f3b\u00e1ljuk szaktud\u00e1sunk legjav\u00e1t adni. A helysz\u00edn, az id\u0151j\u00e1r\u00e1s \u00e9s t\u00f6bb m\u00e1s t\u00e9nyez\u0151 figyelembe v\u00e9tel\u00e9vel, c\u00e9lunk a legink\u00e1bb k\u00f6lts\u00e9ghat\u00e9kony \u00e9s legmagasabb [&hellip;]<\/p>\n","protected":false},"author":1,"featured_media":0,"parent":0,"menu_order":0,"comment_status":"closed","ping_status":"closed","template":"","meta":{"footnotes":""},"class_list":["post-48","page","type-page","status-publish","hentry"],"yoast_head":"<!-- This site is optimized with the Yoast SEO plugin v19.8 - https:\/\/yoast.com\/wordpress\/plugins\/seo\/ -->\n<title>Bemutatkoz\u00e1s - Flami Esztrich Bau Kft.<\/title>\n<meta name=\"description\" content=\"Gy\u0151r esztrichez\u00e9s,beton k\u00e9sz\u00edt\u00e9s,aljzatbeton,munka aljzatol\u00e1s,profi beton k\u00e9sz\u00edt\u00e9s,min\u0151s\u00e9gi esztrich,sz\u00e9p beton,terasz betonoz\u00e1s,olcs\u00f3 beton\" \/>\n<meta name=\"robots\" content=\"index, follow, max-snippet:-1, max-image-preview:large, max-video-preview:-1\" \/>\n<link rel=\"canonical\" href=\"http:\/\/flamiesztrich.hu\/hu\/bemutatkozas\/\" \/>\n<meta property=\"og:locale\" content=\"hu_HU\" \/>\n<meta property=\"og:type\" content=\"article\" \/>\n<meta property=\"og:title\" content=\"Bemutatkoz\u00e1s\" \/>\n<meta property=\"og:description\" content=\"Gy\u0151r esztrichez\u00e9s,beton k\u00e9sz\u00edt\u00e9s,aljzatbeton,munka aljzatol\u00e1s,profi beton k\u00e9sz\u00edt\u00e9s,min\u0151s\u00e9gi esztrich,sz\u00e9p beton,terasz betonoz\u00e1s,olcs\u00f3 beton\" \/>\n<meta property=\"og:url\" content=\"http:\/\/flamiesztrich.hu\/hu\/bemutatkozas\/\" \/>\n<meta property=\"og:site_name\" content=\"Flami Esztrich Bau Kft.\" \/>\n<meta property=\"article:modified_time\" content=\"2022-12-09T09:05:07+00:00\" \/>\n<meta name=\"twitter:card\" content=\"summary_large_image\" \/>\n<meta name=\"twitter:label1\" content=\"Becs\u00fclt olvas\u00e1si id\u0151\" \/>\n\t<meta name=\"twitter:data1\" content=\"2 perc\" \/>\n<script type=\"application\/ld+json\" class=\"yoast-schema-graph\">{\"@context\":\"https:\/\/schema.org\",\"@graph\":[{\"@type\":\"WebPage\",\"@id\":\"http:\/\/flamiesztrich.hu\/hu\/bemutatkozas\/\",\"url\":\"http:\/\/flamiesztrich.hu\/hu\/bemutatkozas\/\",\"name\":\"[:de]Willkommen[:hu]Bemutatkoz\u00e1s[:] - Flami Esztrich Bau Kft.\",\"isPartOf\":{\"@id\":\"http:\/\/flamiesztrich.hu\/hu\/#website\"},\"datePublished\":\"2021-10-12T08:00:42+00:00\",\"dateModified\":\"2022-12-09T09:05:07+00:00\",\"description\":\"Gy\u0151r esztrichez\u00e9s,beton k\u00e9sz\u00edt\u00e9s,aljzatbeton,munka aljzatol\u00e1s,profi beton k\u00e9sz\u00edt\u00e9s,min\u0151s\u00e9gi esztrich,sz\u00e9p beton,terasz betonoz\u00e1s,olcs\u00f3 beton\",\"breadcrumb\":{\"@id\":\"http:\/\/flamiesztrich.hu\/hu\/bemutatkozas\/#breadcrumb\"},\"inLanguage\":\"hu-HU\",\"potentialAction\":[{\"@type\":\"ReadAction\",\"target\":[\"http:\/\/flamiesztrich.hu\/hu\/bemutatkozas\/\"]}]},{\"@type\":\"BreadcrumbList\",\"@id\":\"http:\/\/flamiesztrich.hu\/hu\/bemutatkozas\/#breadcrumb\",\"itemListElement\":[{\"@type\":\"ListItem\",\"position\":1,\"name\":\"Kezd\u0151lap\",\"item\":\"http:\/\/flamiesztrich.hu\/hu\/\"},{\"@type\":\"ListItem\",\"position\":2,\"name\":\"Bemutatkoz\u00e1s\"}]},{\"@type\":\"WebSite\",\"@id\":\"http:\/\/flamiesztrich.hu\/hu\/#website\",\"url\":\"http:\/\/flamiesztrich.hu\/hu\/\",\"name\":\"Flami Esztrich Bau Kft.\",\"description\":\"Esztrich betonoz\u00e1s, terasz betonoz\u00e1s, estrich beton, gyors beton\",\"publisher\":{\"@id\":\"http:\/\/flamiesztrich.hu\/hu\/#organization\"},\"potentialAction\":[{\"@type\":\"SearchAction\",\"target\":{\"@type\":\"EntryPoint\",\"urlTemplate\":\"http:\/\/flamiesztrich.hu\/hu\/?s={search_term_string}\"},\"query-input\":\"required name=search_term_string\"}],\"inLanguage\":\"hu-HU\"},{\"@type\":\"Organization\",\"@id\":\"http:\/\/flamiesztrich.hu\/hu\/#organization\",\"name\":\"FLAMI ESZTRICH BAU Kft\",\"url\":\"http:\/\/flamiesztrich.hu\/hu\/\",\"sameAs\":[],\"logo\":{\"@type\":\"ImageObject\",\"inLanguage\":\"hu-HU\",\"@id\":\"http:\/\/flamiesztrich.hu\/hu\/#\/schema\/logo\/image\/\",\"url\":\"http:\/\/flamiesztrich.hu\/wp-content\/uploads\/2022\/07\/flami_esztrich_vizszint.jpg\",\"contentUrl\":\"http:\/\/flamiesztrich.hu\/wp-content\/uploads\/2022\/07\/flami_esztrich_vizszint.jpg\",\"width\":350,\"height\":320,\"caption\":\"FLAMI ESZTRICH BAU Kft\"},\"image\":{\"@id\":\"http:\/\/flamiesztrich.hu\/hu\/#\/schema\/logo\/image\/\"}}]}<\/script>\n<!-- \/ Yoast SEO plugin. -->","yoast_head_json":{"title":"Bemutatkoz\u00e1s - Flami Esztrich Bau Kft.","description":"Gy\u0151r esztrichez\u00e9s,beton k\u00e9sz\u00edt\u00e9s,aljzatbeton,munka aljzatol\u00e1s,profi beton k\u00e9sz\u00edt\u00e9s,min\u0151s\u00e9gi esztrich,sz\u00e9p beton,terasz betonoz\u00e1s,olcs\u00f3 beton","robots":{"index":"index","follow":"follow","max-snippet":"max-snippet:-1","max-image-preview":"max-image-preview:large","max-video-preview":"max-video-preview:-1"},"canonical":"http:\/\/flamiesztrich.hu\/hu\/bemutatkozas\/","og_locale":"hu_HU","og_type":"article","og_title":"[:de]Willkommen[:hu]Bemutatkoz\u00e1s[:] - Flami Esztrich Bau Kft.","og_description":"Gy\u0151r esztrichez\u00e9s,beton k\u00e9sz\u00edt\u00e9s,aljzatbeton,munka aljzatol\u00e1s,profi beton k\u00e9sz\u00edt\u00e9s,min\u0151s\u00e9gi esztrich,sz\u00e9p beton,terasz betonoz\u00e1s,olcs\u00f3 beton","og_url":"http:\/\/flamiesztrich.hu\/hu\/bemutatkozas\/","og_site_name":"Flami Esztrich Bau Kft.","article_modified_time":"2022-12-09T09:05:07+00:00","twitter_card":"summary_large_image","twitter_misc":{"Becs\u00fclt olvas\u00e1si id\u0151":"2 perc"},"schema":{"@context":"https:\/\/schema.org","@graph":[{"@type":"WebPage","@id":"http:\/\/flamiesztrich.hu\/hu\/bemutatkozas\/","url":"http:\/\/flamiesztrich.hu\/hu\/bemutatkozas\/","name":"[:de]Willkommen[:hu]Bemutatkoz\u00e1s[:] - Flami Esztrich Bau Kft.","isPartOf":{"@id":"http:\/\/flamiesztrich.hu\/hu\/#website"},"datePublished":"2021-10-12T08:00:42+00:00","dateModified":"2022-12-09T09:05:07+00:00","description":"Gy\u0151r esztrichez\u00e9s,beton k\u00e9sz\u00edt\u00e9s,aljzatbeton,munka aljzatol\u00e1s,profi beton k\u00e9sz\u00edt\u00e9s,min\u0151s\u00e9gi esztrich,sz\u00e9p beton,terasz betonoz\u00e1s,olcs\u00f3 beton","breadcrumb":{"@id":"http:\/\/flamiesztrich.hu\/hu\/bemutatkozas\/#breadcrumb"},"inLanguage":"hu-HU","potentialAction":[{"@type":"ReadAction","target":["http:\/\/flamiesztrich.hu\/hu\/bemutatkozas\/"]}]},{"@type":"BreadcrumbList","@id":"http:\/\/flamiesztrich.hu\/hu\/bemutatkozas\/#breadcrumb","itemListElement":[{"@type":"ListItem","position":1,"name":"Kezd\u0151lap","item":"http:\/\/flamiesztrich.hu\/hu\/"},{"@type":"ListItem","position":2,"name":"Bemutatkoz\u00e1s"}]},{"@type":"WebSite","@id":"http:\/\/flamiesztrich.hu\/hu\/#website","url":"http:\/\/flamiesztrich.hu\/hu\/","name":"Flami Esztrich Bau Kft.","description":"Esztrich betonoz\u00e1s, terasz betonoz\u00e1s, estrich beton, gyors beton","publisher":{"@id":"http:\/\/flamiesztrich.hu\/hu\/#organization"},"potentialAction":[{"@type":"SearchAction","target":{"@type":"EntryPoint","urlTemplate":"http:\/\/flamiesztrich.hu\/hu\/?s={search_term_string}"},"query-input":"required name=search_term_string"}],"inLanguage":"hu-HU"},{"@type":"Organization","@id":"http:\/\/flamiesztrich.hu\/hu\/#organization","name":"FLAMI ESZTRICH BAU Kft","url":"http:\/\/flamiesztrich.hu\/hu\/","sameAs":[],"logo":{"@type":"ImageObject","inLanguage":"hu-HU","@id":"http:\/\/flamiesztrich.hu\/hu\/#\/schema\/logo\/image\/","url":"http:\/\/flamiesztrich.hu\/wp-content\/uploads\/2022\/07\/flami_esztrich_vizszint.jpg","contentUrl":"http:\/\/flamiesztrich.hu\/wp-content\/uploads\/2022\/07\/flami_esztrich_vizszint.jpg","width":350,"height":320,"caption":"FLAMI ESZTRICH BAU Kft"},"image":{"@id":"http:\/\/flamiesztrich.hu\/hu\/#\/schema\/logo\/image\/"}}]}},"_links":{"self":[{"href":"https:\/\/flamiesztrich.hu\/hu\/wp-json\/wp\/v2\/pages\/48","targetHints":{"allow":["GET"]}}],"collection":[{"href":"https:\/\/flamiesztrich.hu\/hu\/wp-json\/wp\/v2\/pages"}],"about":[{"href":"https:\/\/flamiesztrich.hu\/hu\/wp-json\/wp\/v2\/types\/page"}],"author":[{"embeddable":true,"href":"https:\/\/flamiesztrich.hu\/hu\/wp-json\/wp\/v2\/users\/1"}],"replies":[{"embeddable":true,"href":"https:\/\/flamiesztrich.hu\/hu\/wp-json\/wp\/v2\/comments?post=48"}],"version-history":[{"count":49,"href":"https:\/\/flamiesztrich.hu\/hu\/wp-json\/wp\/v2\/pages\/48\/revisions"}],"predecessor-version":[{"id":511,"href":"https:\/\/flamiesztrich.hu\/hu\/wp-json\/wp\/v2\/pages\/48\/revisions\/511"}],"wp:attachment":[{"href":"https:\/\/flamiesztrich.hu\/hu\/wp-json\/wp\/v2\/media?parent=48"}],"curies":[{"name":"wp","href":"https:\/\/api.w.org\/{rel}","templated":true}]}}