{"id":52,"date":"2021-10-12T08:01:34","date_gmt":"2021-10-12T08:01:34","guid":{"rendered":"http:\/\/flamiesztrich.hu\/?page_id=52"},"modified":"2022-12-09T09:21:45","modified_gmt":"2022-12-09T09:21:45","slug":"araink","status":"publish","type":"page","link":"https:\/\/flamiesztrich.hu\/hu\/araink\/","title":{"rendered":"\u00c1raink"},"content":{"rendered":"<p>\u00d6sszeszokott csapatunkkal szinte minden feladatot meg tudunk val\u00f3s\u00edtani. Szeretj\u00fck a kih\u00edv\u00e1sokat is. \ud83d\ude42<\/p>\n<p>Minden munka m\u00e1s \u00e9s m\u00e1s, \u00edgy \u00e1rk\u00e9pz\u00e9s\u00fcnk sem tud egys\u00e9ges lenni. Minden esetben f\u00fcgg a k\u00f6rnyezett\u0151l a beton vastags\u00e1g\u00e1t\u00f3l a ter\u00fclet m\u00e9ret\u00e9t\u0151l.<\/p>\n<p>Az \u00e1rakkal kapcsolat, k\u00e9rj\u00fck, <a href=\"http:\/\/flamiesztrich.hu\/kapcsolat\/\">keressen minket<\/a> bizalommal!<\/p>\n<p><img decoding=\"async\" src=\"http:\/\/flamiesztrich.hu\/wp-content\/uploads\/elementor\/thumbs\/flami_esztrich_vizszint-e1635447941433-pf8ropo6pdfkcuj5uiju5c854om0ozqvl8wrwlr0g0.jpg\" title=\"flami_esztrich_vizszint\" alt=\"flami_esztrich_vizszint\" \/><\/p>\n","protected":false},"excerpt":{"rendered":"<p>\u00d6sszeszokott csapatunkkal szinte minden feladatot meg tudunk val\u00f3s\u00edtani. Szeretj\u00fck a kih\u00edv\u00e1sokat is. \ud83d\ude42 Minden munka m\u00e1s \u00e9s m\u00e1s, \u00edgy \u00e1rk\u00e9pz\u00e9s\u00fcnk sem tud egys\u00e9ges lenni. Minden esetben f\u00fcgg a k\u00f6rnyezett\u0151l a beton vastags\u00e1g\u00e1t\u00f3l a ter\u00fclet m\u00e9ret\u00e9t\u0151l. Az \u00e1rakkal kapcsolat, k\u00e9rj\u00fck, keressen minket bizalommal!<\/p>\n","protected":false},"author":1,"featured_media":0,"parent":0,"menu_order":0,"comment_status":"closed","ping_status":"closed","template":"","meta":{"footnotes":""},"class_list":["post-52","page","type-page","status-publish","hentry"],"yoast_head":"<!-- This site is optimized with the Yoast SEO plugin v19.8 - https:\/\/yoast.com\/wordpress\/plugins\/seo\/ -->\n<title>\u00c1raink - Flami Esztrich Bau Kft.<\/title>\n<meta name=\"description\" content=\"Gy\u0151r esztrichez\u00e9s,beton k\u00e9sz\u00edt\u00e9s,aljzatbeton,munka aljzatol\u00e1s,profi beton k\u00e9sz\u00edt\u00e9s,min\u0151s\u00e9gi esztrich,sz\u00e9p beton,terasz betonoz\u00e1s,olcs\u00f3 beton\" \/>\n<meta name=\"robots\" content=\"index, follow, max-snippet:-1, max-image-preview:large, max-video-preview:-1\" \/>\n<link rel=\"canonical\" href=\"https:\/\/flamiesztrich.hu\/de\/araink\/\" \/>\n<meta property=\"og:locale\" content=\"hu_HU\" \/>\n<meta property=\"og:type\" content=\"article\" \/>\n<meta property=\"og:title\" content=\"\u00c1raink\" \/>\n<meta property=\"og:description\" content=\"Gy\u0151r esztrichez\u00e9s,beton k\u00e9sz\u00edt\u00e9s,aljzatbeton,munka aljzatol\u00e1s,profi beton k\u00e9sz\u00edt\u00e9s,min\u0151s\u00e9gi esztrich,sz\u00e9p beton,terasz betonoz\u00e1s,olcs\u00f3 beton\" \/>\n<meta property=\"og:url\" content=\"https:\/\/flamiesztrich.hu\/de\/araink\/\" \/>\n<meta property=\"og:site_name\" content=\"Flami Esztrich Bau Kft.\" \/>\n<meta property=\"article:modified_time\" content=\"2022-12-09T09:21:45+00:00\" \/>\n<meta property=\"og:image\" content=\"http:\/\/flamiesztrich.hu\/wp-content\/uploads\/elementor\/thumbs\/flami_esztrich_vizszint-e1635447941433-pf8ropo6pdfkcuj5uiju5c854om0ozqvl8wrwlr0g0.jpg\" \/>\n<meta name=\"twitter:card\" content=\"summary_large_image\" \/>\n<meta name=\"twitter:label1\" content=\"Becs\u00fclt olvas\u00e1si id\u0151\" \/>\n\t<meta name=\"twitter:data1\" content=\"1 perc\" \/>\n<script type=\"application\/ld+json\" class=\"yoast-schema-graph\">{\"@context\":\"https:\/\/schema.org\",\"@graph\":[{\"@type\":\"WebPage\",\"@id\":\"https:\/\/flamiesztrich.hu\/de\/araink\/\",\"url\":\"https:\/\/flamiesztrich.hu\/de\/araink\/\",\"name\":\"[:de]Preise[:hu]\u00c1raink[:] - Flami Esztrich Bau Kft.\",\"isPartOf\":{\"@id\":\"http:\/\/flamiesztrich.hu\/hu\/#website\"},\"datePublished\":\"2021-10-12T08:01:34+00:00\",\"dateModified\":\"2022-12-09T09:21:45+00:00\",\"description\":\"Gy\u0151r esztrichez\u00e9s,beton k\u00e9sz\u00edt\u00e9s,aljzatbeton,munka aljzatol\u00e1s,profi beton k\u00e9sz\u00edt\u00e9s,min\u0151s\u00e9gi esztrich,sz\u00e9p beton,terasz betonoz\u00e1s,olcs\u00f3 beton\",\"breadcrumb\":{\"@id\":\"https:\/\/flamiesztrich.hu\/de\/araink\/#breadcrumb\"},\"inLanguage\":\"hu-HU\",\"potentialAction\":[{\"@type\":\"ReadAction\",\"target\":[\"https:\/\/flamiesztrich.hu\/de\/araink\/\"]}]},{\"@type\":\"BreadcrumbList\",\"@id\":\"https:\/\/flamiesztrich.hu\/de\/araink\/#breadcrumb\",\"itemListElement\":[{\"@type\":\"ListItem\",\"position\":1,\"name\":\"Kezd\u0151lap\",\"item\":\"http:\/\/flamiesztrich.hu\/hu\/\"},{\"@type\":\"ListItem\",\"position\":2,\"name\":\"Preise\"}]},{\"@type\":\"WebSite\",\"@id\":\"http:\/\/flamiesztrich.hu\/hu\/#website\",\"url\":\"http:\/\/flamiesztrich.hu\/hu\/\",\"name\":\"Flami Esztrich Bau Kft.\",\"description\":\"Esztrich betonoz\u00e1s, terasz betonoz\u00e1s, estrich beton, gyors beton\",\"publisher\":{\"@id\":\"http:\/\/flamiesztrich.hu\/hu\/#organization\"},\"potentialAction\":[{\"@type\":\"SearchAction\",\"target\":{\"@type\":\"EntryPoint\",\"urlTemplate\":\"http:\/\/flamiesztrich.hu\/hu\/?s={search_term_string}\"},\"query-input\":\"required name=search_term_string\"}],\"inLanguage\":\"hu-HU\"},{\"@type\":\"Organization\",\"@id\":\"http:\/\/flamiesztrich.hu\/hu\/#organization\",\"name\":\"FLAMI ESZTRICH BAU Kft\",\"url\":\"http:\/\/flamiesztrich.hu\/hu\/\",\"sameAs\":[],\"logo\":{\"@type\":\"ImageObject\",\"inLanguage\":\"hu-HU\",\"@id\":\"http:\/\/flamiesztrich.hu\/hu\/#\/schema\/logo\/image\/\",\"url\":\"http:\/\/flamiesztrich.hu\/wp-content\/uploads\/2022\/07\/flami_esztrich_vizszint.jpg\",\"contentUrl\":\"http:\/\/flamiesztrich.hu\/wp-content\/uploads\/2022\/07\/flami_esztrich_vizszint.jpg\",\"width\":350,\"height\":320,\"caption\":\"FLAMI ESZTRICH BAU Kft\"},\"image\":{\"@id\":\"http:\/\/flamiesztrich.hu\/hu\/#\/schema\/logo\/image\/\"}}]}<\/script>\n<!-- \/ Yoast SEO plugin. -->","yoast_head_json":{"title":"\u00c1raink - Flami Esztrich Bau Kft.","description":"Gy\u0151r esztrichez\u00e9s,beton k\u00e9sz\u00edt\u00e9s,aljzatbeton,munka aljzatol\u00e1s,profi beton k\u00e9sz\u00edt\u00e9s,min\u0151s\u00e9gi esztrich,sz\u00e9p beton,terasz betonoz\u00e1s,olcs\u00f3 beton","robots":{"index":"index","follow":"follow","max-snippet":"max-snippet:-1","max-image-preview":"max-image-preview:large","max-video-preview":"max-video-preview:-1"},"canonical":"https:\/\/flamiesztrich.hu\/de\/araink\/","og_locale":"hu_HU","og_type":"article","og_title":"[:de]Preise[:hu]\u00c1raink[:] - Flami Esztrich Bau Kft.","og_description":"Gy\u0151r esztrichez\u00e9s,beton k\u00e9sz\u00edt\u00e9s,aljzatbeton,munka aljzatol\u00e1s,profi beton k\u00e9sz\u00edt\u00e9s,min\u0151s\u00e9gi esztrich,sz\u00e9p beton,terasz betonoz\u00e1s,olcs\u00f3 beton","og_url":"https:\/\/flamiesztrich.hu\/de\/araink\/","og_site_name":"Flami Esztrich Bau Kft.","article_modified_time":"2022-12-09T09:21:45+00:00","og_image":[{"url":"http:\/\/flamiesztrich.hu\/wp-content\/uploads\/elementor\/thumbs\/flami_esztrich_vizszint-e1635447941433-pf8ropo6pdfkcuj5uiju5c854om0ozqvl8wrwlr0g0.jpg"}],"twitter_card":"summary_large_image","twitter_misc":{"Becs\u00fclt olvas\u00e1si id\u0151":"1 perc"},"schema":{"@context":"https:\/\/schema.org","@graph":[{"@type":"WebPage","@id":"https:\/\/flamiesztrich.hu\/de\/araink\/","url":"https:\/\/flamiesztrich.hu\/de\/araink\/","name":"[:de]Preise[:hu]\u00c1raink[:] - Flami Esztrich Bau Kft.","isPartOf":{"@id":"http:\/\/flamiesztrich.hu\/hu\/#website"},"datePublished":"2021-10-12T08:01:34+00:00","dateModified":"2022-12-09T09:21:45+00:00","description":"Gy\u0151r esztrichez\u00e9s,beton k\u00e9sz\u00edt\u00e9s,aljzatbeton,munka aljzatol\u00e1s,profi beton k\u00e9sz\u00edt\u00e9s,min\u0151s\u00e9gi esztrich,sz\u00e9p beton,terasz betonoz\u00e1s,olcs\u00f3 beton","breadcrumb":{"@id":"https:\/\/flamiesztrich.hu\/de\/araink\/#breadcrumb"},"inLanguage":"hu-HU","potentialAction":[{"@type":"ReadAction","target":["https:\/\/flamiesztrich.hu\/de\/araink\/"]}]},{"@type":"BreadcrumbList","@id":"https:\/\/flamiesztrich.hu\/de\/araink\/#breadcrumb","itemListElement":[{"@type":"ListItem","position":1,"name":"Kezd\u0151lap","item":"http:\/\/flamiesztrich.hu\/hu\/"},{"@type":"ListItem","position":2,"name":"Preise"}]},{"@type":"WebSite","@id":"http:\/\/flamiesztrich.hu\/hu\/#website","url":"http:\/\/flamiesztrich.hu\/hu\/","name":"Flami Esztrich Bau Kft.","description":"Esztrich betonoz\u00e1s, terasz betonoz\u00e1s, estrich beton, gyors beton","publisher":{"@id":"http:\/\/flamiesztrich.hu\/hu\/#organization"},"potentialAction":[{"@type":"SearchAction","target":{"@type":"EntryPoint","urlTemplate":"http:\/\/flamiesztrich.hu\/hu\/?s={search_term_string}"},"query-input":"required name=search_term_string"}],"inLanguage":"hu-HU"},{"@type":"Organization","@id":"http:\/\/flamiesztrich.hu\/hu\/#organization","name":"FLAMI ESZTRICH BAU Kft","url":"http:\/\/flamiesztrich.hu\/hu\/","sameAs":[],"logo":{"@type":"ImageObject","inLanguage":"hu-HU","@id":"http:\/\/flamiesztrich.hu\/hu\/#\/schema\/logo\/image\/","url":"http:\/\/flamiesztrich.hu\/wp-content\/uploads\/2022\/07\/flami_esztrich_vizszint.jpg","contentUrl":"http:\/\/flamiesztrich.hu\/wp-content\/uploads\/2022\/07\/flami_esztrich_vizszint.jpg","width":350,"height":320,"caption":"FLAMI ESZTRICH BAU Kft"},"image":{"@id":"http:\/\/flamiesztrich.hu\/hu\/#\/schema\/logo\/image\/"}}]}},"_links":{"self":[{"href":"https:\/\/flamiesztrich.hu\/hu\/wp-json\/wp\/v2\/pages\/52","targetHints":{"allow":["GET"]}}],"collection":[{"href":"https:\/\/flamiesztrich.hu\/hu\/wp-json\/wp\/v2\/pages"}],"about":[{"href":"https:\/\/flamiesztrich.hu\/hu\/wp-json\/wp\/v2\/types\/page"}],"author":[{"embeddable":true,"href":"https:\/\/flamiesztrich.hu\/hu\/wp-json\/wp\/v2\/users\/1"}],"replies":[{"embeddable":true,"href":"https:\/\/flamiesztrich.hu\/hu\/wp-json\/wp\/v2\/comments?post=52"}],"version-history":[{"count":18,"href":"https:\/\/flamiesztrich.hu\/hu\/wp-json\/wp\/v2\/pages\/52\/revisions"}],"predecessor-version":[{"id":515,"href":"https:\/\/flamiesztrich.hu\/hu\/wp-json\/wp\/v2\/pages\/52\/revisions\/515"}],"wp:attachment":[{"href":"https:\/\/flamiesztrich.hu\/hu\/wp-json\/wp\/v2\/media?parent=52"}],"curies":[{"name":"wp","href":"https:\/\/api.w.org\/{rel}","templated":true}]}}